{"id":939,"date":"2018-07-21T16:10:04","date_gmt":"2018-07-21T19:10:04","guid":{"rendered":"https:\/\/primeitalian.com.br\/?page_id=939"},"modified":"2026-01-27T14:48:10","modified_gmt":"2026-01-27T17:48:10","slug":"menu","status":"publish","type":"page","link":"https:\/\/primeitalian.com.br\/pt_br\/menu\/","title":{"rendered":"Menu"},"content":{"rendered":"<div class=\"wpb-content-wrapper\"><div data-vc-full-width=\"true\" data-vc-full-width-init=\"false\" data-vc-stretch-content=\"true\" class=\"vc_row wpb_row vc_row-fluid vc_custom_1749393526868 vc_row-has-fill vc_row-no-padding\"><div class=\"wpb_column vc_column_container vc_col-sm-12\"><div class=\"vc_column-inner\"><div class=\"wpb_wrapper\"><div id=\"ult-carousel-175273662469d424865434e\" class=\"ult-carousel-wrapper  vc_custom_1601771715350  ult_horizontal\" data-gutter=\"0\" data-rtl=\"false\" ><div class=\"ult-carousel-16554811669d4248654226 \" ><div class=\"ult-item-wrap\" data-animation=\"animated no-animation\">\n\t<div  class=\"wpb_single_image wpb_content_element vc_align_left\">\n\t\t\n\t\t<figure class=\"wpb_wrapper vc_figure\">\n\t\t\t<div class=\"vc_single_image-wrapper   vc_box_border_grey\"><img loading=\"lazy\" decoding=\"async\" width=\"500\" height=\"500\" src=\"https:\/\/primeitalian.com.br\/wp-content\/uploads\/2025\/10\/site-prime-italian-foto-promo.jpg\" class=\"vc_single_image-img attachment-full\" alt=\"\" title=\"site-prime-italian-foto-promo\" srcset=\"https:\/\/primeitalian.com.br\/wp-content\/uploads\/2025\/10\/site-prime-italian-foto-promo.jpg 500w, https:\/\/primeitalian.com.br\/wp-content\/uploads\/2025\/10\/site-prime-italian-foto-promo-300x300.jpg 300w, https:\/\/primeitalian.com.br\/wp-content\/uploads\/2025\/10\/site-prime-italian-foto-promo-150x150.jpg 150w, https:\/\/primeitalian.com.br\/wp-content\/uploads\/2025\/10\/site-prime-italian-foto-promo-12x12.jpg 12w\" sizes=\"auto, (max-width: 500px) 100vw, 500px\"  data-dt-location=\"https:\/\/primeitalian.com.br\/pt_br\/menu\/site-prime-italian-foto-promo\/\" \/><\/div>\n\t\t<\/figure>\n\t<\/div>\n<\/div><div class=\"ult-item-wrap\" data-animation=\"animated no-animation\">\n\t<div  class=\"wpb_single_image wpb_content_element vc_align_left\">\n\t\t\n\t\t<figure class=\"wpb_wrapper vc_figure\">\n\t\t\t<div class=\"vc_single_image-wrapper   vc_box_border_grey\"><img loading=\"lazy\" decoding=\"async\" width=\"500\" height=\"500\" src=\"https:\/\/primeitalian.com.br\/wp-content\/uploads\/2025\/09\/2fotos-site-prime.jpg\" class=\"vc_single_image-img attachment-full\" alt=\"\" title=\"2fotos-site-prime\" srcset=\"https:\/\/primeitalian.com.br\/wp-content\/uploads\/2025\/09\/2fotos-site-prime.jpg 500w, https:\/\/primeitalian.com.br\/wp-content\/uploads\/2025\/09\/2fotos-site-prime-300x300.jpg 300w, https:\/\/primeitalian.com.br\/wp-content\/uploads\/2025\/09\/2fotos-site-prime-150x150.jpg 150w, https:\/\/primeitalian.com.br\/wp-content\/uploads\/2025\/09\/2fotos-site-prime-12x12.jpg 12w\" sizes=\"auto, (max-width: 500px) 100vw, 500px\"  data-dt-location=\"https:\/\/primeitalian.com.br\/pt_br\/menu\/2fotos-site-prime\/\" \/><\/div>\n\t\t<\/figure>\n\t<\/div>\n<\/div><div class=\"ult-item-wrap\" data-animation=\"animated no-animation\">\n\t<div  class=\"wpb_single_image wpb_content_element vc_align_left\">\n\t\t\n\t\t<figure class=\"wpb_wrapper vc_figure\">\n\t\t\t<div class=\"vc_single_image-wrapper   vc_box_border_grey\"><img loading=\"lazy\" decoding=\"async\" width=\"500\" height=\"500\" src=\"https:\/\/primeitalian.com.br\/wp-content\/uploads\/2025\/07\/03.jpg\" class=\"vc_single_image-img attachment-full\" alt=\"\" title=\"03\" srcset=\"https:\/\/primeitalian.com.br\/wp-content\/uploads\/2025\/07\/03.jpg 500w, https:\/\/primeitalian.com.br\/wp-content\/uploads\/2025\/07\/03-300x300.jpg 300w, https:\/\/primeitalian.com.br\/wp-content\/uploads\/2025\/07\/03-150x150.jpg 150w, https:\/\/primeitalian.com.br\/wp-content\/uploads\/2025\/07\/03-12x12.jpg 12w\" sizes=\"auto, (max-width: 500px) 100vw, 500px\"  data-dt-location=\"https:\/\/primeitalian.com.br\/pt_br\/menu\/03-2\/\" \/><\/div>\n\t\t<\/figure>\n\t<\/div>\n<\/div><div class=\"ult-item-wrap\" data-animation=\"animated no-animation\">\n\t<div  class=\"wpb_single_image wpb_content_element vc_align_left\">\n\t\t\n\t\t<figure class=\"wpb_wrapper vc_figure\">\n\t\t\t<div class=\"vc_single_image-wrapper   vc_box_border_grey\"><img loading=\"lazy\" decoding=\"async\" width=\"500\" height=\"500\" src=\"https:\/\/primeitalian.com.br\/wp-content\/uploads\/2025\/07\/04.jpg\" class=\"vc_single_image-img attachment-full\" alt=\"\" title=\"04\" srcset=\"https:\/\/primeitalian.com.br\/wp-content\/uploads\/2025\/07\/04.jpg 500w, https:\/\/primeitalian.com.br\/wp-content\/uploads\/2025\/07\/04-300x300.jpg 300w, https:\/\/primeitalian.com.br\/wp-content\/uploads\/2025\/07\/04-150x150.jpg 150w, https:\/\/primeitalian.com.br\/wp-content\/uploads\/2025\/07\/04-12x12.jpg 12w\" sizes=\"auto, (max-width: 500px) 100vw, 500px\"  data-dt-location=\"https:\/\/primeitalian.com.br\/pt_br\/menu\/04-3\/\" \/><\/div>\n\t\t<\/figure>\n\t<\/div>\n<\/div><div class=\"ult-item-wrap\" data-animation=\"animated no-animation\">\n\t<div  class=\"wpb_single_image wpb_content_element vc_align_left\">\n\t\t\n\t\t<figure class=\"wpb_wrapper vc_figure\">\n\t\t\t<div class=\"vc_single_image-wrapper   vc_box_border_grey\"><img loading=\"lazy\" decoding=\"async\" width=\"500\" height=\"500\" src=\"https:\/\/primeitalian.com.br\/wp-content\/uploads\/2025\/09\/chopp-prime.jpg\" class=\"vc_single_image-img attachment-full\" alt=\"\" title=\"chopp-prime\" srcset=\"https:\/\/primeitalian.com.br\/wp-content\/uploads\/2025\/09\/chopp-prime.jpg 500w, https:\/\/primeitalian.com.br\/wp-content\/uploads\/2025\/09\/chopp-prime-300x300.jpg 300w, https:\/\/primeitalian.com.br\/wp-content\/uploads\/2025\/09\/chopp-prime-150x150.jpg 150w, https:\/\/primeitalian.com.br\/wp-content\/uploads\/2025\/09\/chopp-prime-12x12.jpg 12w\" sizes=\"auto, (max-width: 500px) 100vw, 500px\"  data-dt-location=\"https:\/\/primeitalian.com.br\/pt_br\/menu\/chopp-prime\/\" \/><\/div>\n\t\t<\/figure>\n\t<\/div>\n<\/div><div class=\"ult-item-wrap\" data-animation=\"animated no-animation\">\n\t<div  class=\"wpb_single_image wpb_content_element vc_align_left\">\n\t\t\n\t\t<figure class=\"wpb_wrapper vc_figure\">\n\t\t\t<div class=\"vc_single_image-wrapper   vc_box_border_grey\"><img loading=\"lazy\" decoding=\"async\" width=\"500\" height=\"500\" src=\"https:\/\/primeitalian.com.br\/wp-content\/uploads\/2025\/07\/06.jpg\" class=\"vc_single_image-img attachment-full\" alt=\"\" title=\"06\" srcset=\"https:\/\/primeitalian.com.br\/wp-content\/uploads\/2025\/07\/06.jpg 500w, https:\/\/primeitalian.com.br\/wp-content\/uploads\/2025\/07\/06-300x300.jpg 300w, https:\/\/primeitalian.com.br\/wp-content\/uploads\/2025\/07\/06-150x150.jpg 150w, https:\/\/primeitalian.com.br\/wp-content\/uploads\/2025\/07\/06-12x12.jpg 12w\" sizes=\"auto, (max-width: 500px) 100vw, 500px\"  data-dt-location=\"https:\/\/primeitalian.com.br\/pt_br\/menu\/06-2\/\" \/><\/div>\n\t\t<\/figure>\n\t<\/div>\n<\/div><div class=\"ult-item-wrap\" data-animation=\"animated no-animation\">\n\t<div  class=\"wpb_single_image wpb_content_element vc_align_left\">\n\t\t\n\t\t<figure class=\"wpb_wrapper vc_figure\">\n\t\t\t<div class=\"vc_single_image-wrapper   vc_box_border_grey\"><img loading=\"lazy\" decoding=\"async\" width=\"500\" height=\"500\" src=\"https:\/\/primeitalian.com.br\/wp-content\/uploads\/2025\/07\/07.jpg\" class=\"vc_single_image-img attachment-full\" alt=\"Prime Gateau - Sobremesa com sorvete Prime Italian em Campinas\" title=\"07\" srcset=\"https:\/\/primeitalian.com.br\/wp-content\/uploads\/2025\/07\/07.jpg 500w, https:\/\/primeitalian.com.br\/wp-content\/uploads\/2025\/07\/07-300x300.jpg 300w, https:\/\/primeitalian.com.br\/wp-content\/uploads\/2025\/07\/07-150x150.jpg 150w, https:\/\/primeitalian.com.br\/wp-content\/uploads\/2025\/07\/07-12x12.jpg 12w\" sizes=\"auto, (max-width: 500px) 100vw, 500px\"  data-dt-location=\"https:\/\/primeitalian.com.br\/pt_br\/menu\/07-2\/\" \/><\/div>\n\t\t<\/figure>\n\t<\/div>\n<\/div><div class=\"ult-item-wrap\" data-animation=\"animated no-animation\">\n\t<div  class=\"wpb_single_image wpb_content_element vc_align_left\">\n\t\t\n\t\t<figure class=\"wpb_wrapper vc_figure\">\n\t\t\t<div class=\"vc_single_image-wrapper   vc_box_border_grey\"><img loading=\"lazy\" decoding=\"async\" width=\"500\" height=\"500\" src=\"https:\/\/primeitalian.com.br\/wp-content\/uploads\/2025\/07\/08.jpg\" class=\"vc_single_image-img attachment-full\" alt=\"Carta de Drinks exclusiva Prime Italian em Campinas - Coquet\u00e9is refrescantes\" title=\"08\" srcset=\"https:\/\/primeitalian.com.br\/wp-content\/uploads\/2025\/07\/08.jpg 500w, https:\/\/primeitalian.com.br\/wp-content\/uploads\/2025\/07\/08-300x300.jpg 300w, https:\/\/primeitalian.com.br\/wp-content\/uploads\/2025\/07\/08-150x150.jpg 150w, https:\/\/primeitalian.com.br\/wp-content\/uploads\/2025\/07\/08-12x12.jpg 12w\" sizes=\"auto, (max-width: 500px) 100vw, 500px\"  data-dt-location=\"https:\/\/primeitalian.com.br\/pt_br\/menu\/08-2\/\" \/><\/div>\n\t\t<\/figure>\n\t<\/div>\n<\/div><div class=\"ult-item-wrap\" data-animation=\"animated no-animation\">\n\t<div  class=\"wpb_single_image wpb_content_element vc_align_left\">\n\t\t\n\t\t<figure class=\"wpb_wrapper vc_figure\">\n\t\t\t<div class=\"vc_single_image-wrapper   vc_box_border_grey\"><img loading=\"lazy\" decoding=\"async\" width=\"500\" height=\"500\" src=\"https:\/\/primeitalian.com.br\/wp-content\/uploads\/2025\/07\/09.jpg\" class=\"vc_single_image-img attachment-full\" alt=\"Risoto cremoso com polpetone Prime Italian em Campinas\" title=\"09\" srcset=\"https:\/\/primeitalian.com.br\/wp-content\/uploads\/2025\/07\/09.jpg 500w, https:\/\/primeitalian.com.br\/wp-content\/uploads\/2025\/07\/09-300x300.jpg 300w, https:\/\/primeitalian.com.br\/wp-content\/uploads\/2025\/07\/09-150x150.jpg 150w, https:\/\/primeitalian.com.br\/wp-content\/uploads\/2025\/07\/09-12x12.jpg 12w\" sizes=\"auto, (max-width: 500px) 100vw, 500px\"  data-dt-location=\"https:\/\/primeitalian.com.br\/pt_br\/menu\/09-2\/\" \/><\/div>\n\t\t<\/figure>\n\t<\/div>\n<\/div><\/div><\/div>\t\t\t<script type=\"text\/javascript\">\n\t\t\t\tjQuery(document).ready(function ($) {\n\t\t\t\t\tif( typeof jQuery('.ult-carousel-16554811669d4248654226').slick == \"function\"){\n\t\t\t\t\t\t$('.ult-carousel-16554811669d4248654226').slick({dots: false,autoplay: true,autoplaySpeed: \"5000\",speed: \"300\",infinite: true,arrows: true,nextArrow: '<button type=\"button\" role=\"button\" aria-label=\"Next\" style=\"color:#333333; font-size:20px;\" class=\"slick-next default\"><i class=\"ultsl-arrow-right4\"><\/i><\/button>',prevArrow: '<button type=\"button\" role=\"button\" aria-label=\"Previous\" style=\"color:#333333; font-size:20px;\" class=\"slick-prev default\"><i class=\"ultsl-arrow-left4\"><\/i><\/button>',slidesToScroll:1,slidesToShow:5,swipe: true,draggable: true,touchMove: true,pauseOnHover: true,pauseOnFocus: false,responsive: [\n\t\t\t\t\t\t\t{\n\t\t\t\t\t\t\t  breakpoint: 1026,\n\t\t\t\t\t\t\t  settings: {\n\t\t\t\t\t\t\t\tslidesToShow: 5,\n\t\t\t\t\t\t\t\tslidesToScroll: 1,  \n\t\t\t\t\t\t\t  }\n\t\t\t\t\t\t\t},\n\t\t\t\t\t\t\t{\n\t\t\t\t\t\t\t  breakpoint: 1025,\n\t\t\t\t\t\t\t  settings: {\n\t\t\t\t\t\t\t\tslidesToShow: 3,\n\t\t\t\t\t\t\t\tslidesToScroll: 1\n\t\t\t\t\t\t\t  }\n\t\t\t\t\t\t\t},\n\t\t\t\t\t\t\t{\n\t\t\t\t\t\t\t  breakpoint: 760,\n\t\t\t\t\t\t\t  settings: {\n\t\t\t\t\t\t\t\tslidesToShow: 2,\n\t\t\t\t\t\t\t\tslidesToScroll: 1\n\t\t\t\t\t\t\t  }\n\t\t\t\t\t\t\t}\n\t\t\t\t\t\t],pauseOnDotsHover: true,customPaging: function(slider, i) {\n                   return '<i type=\"button\" style= \"color:#333333;\" class=\"ultsl-record\" data-role=\"none\"><\/i>';\n                },});\n\t\t\t\t\t}\n\t\t\t\t});\n\t\t\t<\/script>\n\t\t\t<div class=\"vc_empty_space\"   style=\"height: 20px\"><span class=\"vc_empty_space_inner\"><\/span><\/div><\/div><\/div><\/div><\/div><div class=\"vc_row-full-width vc_clearfix\"><\/div><div class=\"vc_row wpb_row vc_row-fluid dt-default\" style=\"margin-top: 0px;margin-bottom: 0px\"><div class=\"wpb_column vc_column_container vc_col-sm-4\"><div class=\"vc_column-inner\"><div class=\"wpb_wrapper\"><\/div><\/div><\/div><div class=\"wpb_column vc_column_container vc_col-sm-4\"><div class=\"vc_column-inner\"><div class=\"wpb_wrapper\"><div class=\"vc_btn3-container vc_btn3-center vc_custom_1759775176742\" ><a onmouseleave=\"this.style.borderColor='#cbb36d'; this.style.backgroundColor='transparent'; this.style.color='#cbb36d'\" onmouseenter=\"this.style.borderColor='#910202'; this.style.backgroundColor='#910202'; this.style.color='#e5dfd3';\" style=\"border-color:#cbb36d; color:#cbb36d;\" class=\"vc_general vc_btn3 vc_btn3-size-md vc_btn3-shape-rounded vc_btn3-style-outline-custom vc_btn3-block vc_btn3-icon-left\" href=\"https:\/\/primeitalian.com.br\/wp-content\/uploads\/2025\/10\/Menu_Geral.pdf\" title=\"Menu Principal\" target=\"_blank\"><i class=\"vc_btn3-icon fas fa-utensils\"><\/i> Menu Principal<\/a><\/div><div class=\"vc_btn3-container vc_btn3-center vc_custom_1755715148309\" ><a onmouseleave=\"this.style.borderColor='#cbb36d'; this.style.backgroundColor='transparent'; this.style.color='#cbb36d'\" onmouseenter=\"this.style.borderColor='#910202'; this.style.backgroundColor='#910202'; this.style.color='#e5dfd3';\" style=\"border-color:#cbb36d; color:#cbb36d;\" class=\"vc_general vc_btn3 vc_btn3-size-md vc_btn3-shape-rounded vc_btn3-style-outline-custom vc_btn3-block vc_btn3-icon-left\" href=\"https:\/\/primeitalian.com.br\/wp-content\/uploads\/2025\/08\/CartadeVinhos.pdf\" title=\"Carta de Vinhos\" target=\"_blank\"><i class=\"vc_btn3-icon fas fa-wine-bottle\"><\/i> Carta de Vinhos<\/a><\/div><div class=\"vc_btn3-container vc_btn3-center vc_custom_1769536087160\" ><a onmouseleave=\"this.style.borderColor='#cbb36d'; this.style.backgroundColor='transparent'; this.style.color='#cbb36d'\" onmouseenter=\"this.style.borderColor='#910202'; this.style.backgroundColor='#910202'; this.style.color='#e5dfd3';\" style=\"border-color:#cbb36d; color:#cbb36d;\" class=\"vc_general vc_btn3 vc_btn3-size-md vc_btn3-shape-rounded vc_btn3-style-outline-custom vc_btn3-block vc_btn3-icon-left\" href=\"https:\/\/primeitalian.com.br\/wp-content\/uploads\/2026\/01\/carta-de-drinks_web.pdf\" title=\"Carta de Drinks\" target=\"_blank\"><i class=\"vc_btn3-icon fas fa-cocktail\"><\/i> Carta de Drinks<\/a><\/div><div class=\"vc_btn3-container vc_btn3-center vc_custom_1769189644601\" ><a onmouseleave=\"this.style.borderColor='#cbb36d'; this.style.backgroundColor='transparent'; this.style.color='#cbb36d'\" onmouseenter=\"this.style.borderColor='#910202'; this.style.backgroundColor='#910202'; this.style.color='#e5dfd3';\" style=\"border-color:#cbb36d; color:#cbb36d;\" class=\"vc_general vc_btn3 vc_btn3-size-md vc_btn3-shape-rounded vc_btn3-style-outline-custom vc_btn3-block vc_btn3-icon-left\" href=\"https:\/\/primeitalian.com.br\/wp-content\/uploads\/2026\/01\/Menu_Executivo.pdf\" title=\"Menu Executivo\" target=\"_blank\"><i class=\"vc_btn3-icon fas fa-utensils\"><\/i> Menu Excutivo<\/a><\/div><\/div><\/div><\/div><div class=\"wpb_column vc_column_container vc_col-sm-4\"><div class=\"vc_column-inner\"><div class=\"wpb_wrapper\"><\/div><\/div><\/div><\/div><div class=\"vc_row wpb_row vc_row-fluid dt-default\" style=\"margin-top: 0px;margin-bottom: 0px\"><div class=\"wpb_column vc_column_container vc_col-sm-12 vc_hidden-lg vc_hidden-md vc_hidden-sm vc_hidden-xs\"><div class=\"vc_column-inner\"><div class=\"wpb_wrapper\"><\/div><\/div><\/div><\/div><div class=\"vc_row wpb_row vc_row-fluid dt-default\" style=\"margin-top: 0px;margin-bottom: 0px\"><div class=\"wpb_column vc_column_container vc_col-sm-12\"><div class=\"vc_column-inner\"><div class=\"wpb_wrapper\"><\/div><\/div><\/div><\/div>\n<\/div>","protected":false},"excerpt":{"rendered":"<p>Menu Principal Carta de Vinhos Carta de Drinks Menu Excutivo<\/p>\n","protected":false},"author":1,"featured_media":0,"parent":0,"menu_order":0,"comment_status":"closed","ping_status":"closed","template":"","meta":{"footnotes":""},"class_list":["post-939","page","type-page","status-publish","hentry","description-off"],"yoast_head":"<!-- This site is optimized with the Yoast SEO plugin v26.8 - https:\/\/yoast.com\/product\/yoast-seo-wordpress\/ -->\n<title>Conhe\u00e7a o Menu - Card\u00e1pio do Prime Italian<\/title>\n<meta name=\"description\" content=\"Venha! O Prime Italian est\u00e1 com deliciosas novidades em seu Menu - Card\u00e1pio! Informa\u00e7\u00f5es, ligue (19) 3326-5934 | (19) 3326-5925 ou WhatsApp (19) 99447-4023\" \/>\n<meta name=\"robots\" content=\"index, follow, max-snippet:-1, max-image-preview:large, max-video-preview:-1\" \/>\n<link rel=\"canonical\" href=\"https:\/\/primeitalian.com.br\/pt_br\/menu\/\" \/>\n<meta property=\"og:locale\" content=\"pt_BR\" \/>\n<meta property=\"og:type\" content=\"article\" \/>\n<meta property=\"og:title\" content=\"Conhe\u00e7a o Menu - Card\u00e1pio do Prime Italian\" \/>\n<meta property=\"og:description\" content=\"Venha! O Prime Italian est\u00e1 com deliciosas novidades em seu Menu - Card\u00e1pio! Informa\u00e7\u00f5es, ligue (19) 3326-5934 | (19) 3326-5925 ou WhatsApp (19) 99447-4023\" \/>\n<meta property=\"og:url\" content=\"https:\/\/primeitalian.com.br\/pt_br\/menu\/\" \/>\n<meta property=\"og:site_name\" content=\"Prime Italian: Pizzas e Culin\u00e1ria Italiana em Campinas\" \/>\n<meta property=\"article:publisher\" content=\"https:\/\/www.facebook.com\/PrimeItalian\" \/>\n<meta property=\"article:modified_time\" content=\"2026-01-27T17:48:10+00:00\" \/>\n<meta name=\"twitter:card\" content=\"summary_large_image\" \/>\n<meta name=\"twitter:label1\" content=\"Est. tempo de leitura\" \/>\n\t<meta name=\"twitter:data1\" content=\"1 minuto\" \/>\n<script type=\"application\/ld+json\" class=\"yoast-schema-graph\">{\"@context\":\"https:\/\/schema.org\",\"@graph\":[{\"@type\":\"WebPage\",\"@id\":\"https:\/\/primeitalian.com.br\/menu\/\",\"url\":\"https:\/\/primeitalian.com.br\/menu\/\",\"name\":\"Conhe\u00e7a o Menu - Card\u00e1pio do Prime Italian\",\"isPartOf\":{\"@id\":\"https:\/\/primeitalian.com.br\/#website\"},\"datePublished\":\"2018-07-21T19:10:04+00:00\",\"dateModified\":\"2026-01-27T17:48:10+00:00\",\"description\":\"Venha! O Prime Italian est\u00e1 com deliciosas novidades em seu Menu - Card\u00e1pio! Informa\u00e7\u00f5es, ligue (19) 3326-5934 | (19) 3326-5925 ou WhatsApp (19) 99447-4023\",\"breadcrumb\":{\"@id\":\"https:\/\/primeitalian.com.br\/menu\/#breadcrumb\"},\"inLanguage\":\"pt-BR\",\"potentialAction\":[{\"@type\":\"ReadAction\",\"target\":[\"https:\/\/primeitalian.com.br\/menu\/\"]}]},{\"@type\":\"BreadcrumbList\",\"@id\":\"https:\/\/primeitalian.com.br\/menu\/#breadcrumb\",\"itemListElement\":[{\"@type\":\"ListItem\",\"position\":1,\"name\":\"In\u00edcio\",\"item\":\"https:\/\/primeitalian.com.br\/\"},{\"@type\":\"ListItem\",\"position\":2,\"name\":\"Menu\"}]},{\"@type\":\"WebSite\",\"@id\":\"https:\/\/primeitalian.com.br\/#website\",\"url\":\"https:\/\/primeitalian.com.br\/\",\"name\":\"Prime Italian\",\"description\":\"\",\"publisher\":{\"@id\":\"https:\/\/primeitalian.com.br\/#organization\"},\"potentialAction\":[{\"@type\":\"SearchAction\",\"target\":{\"@type\":\"EntryPoint\",\"urlTemplate\":\"https:\/\/primeitalian.com.br\/?s={search_term_string}\"},\"query-input\":{\"@type\":\"PropertyValueSpecification\",\"valueRequired\":true,\"valueName\":\"search_term_string\"}}],\"inLanguage\":\"pt-BR\"},{\"@type\":\"Organization\",\"@id\":\"https:\/\/primeitalian.com.br\/#organization\",\"name\":\"Prime Italian\",\"url\":\"https:\/\/primeitalian.com.br\/\",\"logo\":{\"@type\":\"ImageObject\",\"inLanguage\":\"pt-BR\",\"@id\":\"https:\/\/primeitalian.com.br\/#\/schema\/logo\/image\/\",\"url\":\"https:\/\/primeitalian.com.br\/wp-content\/uploads\/2018\/07\/152.png\",\"contentUrl\":\"https:\/\/primeitalian.com.br\/wp-content\/uploads\/2018\/07\/152.png\",\"width\":152,\"height\":152,\"caption\":\"Prime Italian\"},\"image\":{\"@id\":\"https:\/\/primeitalian.com.br\/#\/schema\/logo\/image\/\"},\"sameAs\":[\"https:\/\/www.facebook.com\/PrimeItalian\",\"https:\/\/www.instagram.com\/primeitalian\/\"]}]}<\/script>\n<!-- \/ Yoast SEO plugin. -->","yoast_head_json":{"title":"Conhe\u00e7a o Menu - Card\u00e1pio do Prime Italian","description":"Venha! O Prime Italian est\u00e1 com deliciosas novidades em seu Menu - Card\u00e1pio! Informa\u00e7\u00f5es, ligue (19) 3326-5934 | (19) 3326-5925 ou WhatsApp (19) 99447-4023","robots":{"index":"index","follow":"follow","max-snippet":"max-snippet:-1","max-image-preview":"max-image-preview:large","max-video-preview":"max-video-preview:-1"},"canonical":"https:\/\/primeitalian.com.br\/pt_br\/menu\/","og_locale":"pt_BR","og_type":"article","og_title":"Conhe\u00e7a o Menu - Card\u00e1pio do Prime Italian","og_description":"Venha! O Prime Italian est\u00e1 com deliciosas novidades em seu Menu - Card\u00e1pio! Informa\u00e7\u00f5es, ligue (19) 3326-5934 | (19) 3326-5925 ou WhatsApp (19) 99447-4023","og_url":"https:\/\/primeitalian.com.br\/pt_br\/menu\/","og_site_name":"Prime Italian: Pizzas e Culin\u00e1ria Italiana em Campinas","article_publisher":"https:\/\/www.facebook.com\/PrimeItalian","article_modified_time":"2026-01-27T17:48:10+00:00","twitter_card":"summary_large_image","twitter_misc":{"Est. tempo de leitura":"1 minuto"},"schema":{"@context":"https:\/\/schema.org","@graph":[{"@type":"WebPage","@id":"https:\/\/primeitalian.com.br\/menu\/","url":"https:\/\/primeitalian.com.br\/menu\/","name":"Conhe\u00e7a o Menu - Card\u00e1pio do Prime Italian","isPartOf":{"@id":"https:\/\/primeitalian.com.br\/#website"},"datePublished":"2018-07-21T19:10:04+00:00","dateModified":"2026-01-27T17:48:10+00:00","description":"Venha! O Prime Italian est\u00e1 com deliciosas novidades em seu Menu - Card\u00e1pio! Informa\u00e7\u00f5es, ligue (19) 3326-5934 | (19) 3326-5925 ou WhatsApp (19) 99447-4023","breadcrumb":{"@id":"https:\/\/primeitalian.com.br\/menu\/#breadcrumb"},"inLanguage":"pt-BR","potentialAction":[{"@type":"ReadAction","target":["https:\/\/primeitalian.com.br\/menu\/"]}]},{"@type":"BreadcrumbList","@id":"https:\/\/primeitalian.com.br\/menu\/#breadcrumb","itemListElement":[{"@type":"ListItem","position":1,"name":"In\u00edcio","item":"https:\/\/primeitalian.com.br\/"},{"@type":"ListItem","position":2,"name":"Menu"}]},{"@type":"WebSite","@id":"https:\/\/primeitalian.com.br\/#website","url":"https:\/\/primeitalian.com.br\/","name":"Prime Italian","description":"","publisher":{"@id":"https:\/\/primeitalian.com.br\/#organization"},"potentialAction":[{"@type":"SearchAction","target":{"@type":"EntryPoint","urlTemplate":"https:\/\/primeitalian.com.br\/?s={search_term_string}"},"query-input":{"@type":"PropertyValueSpecification","valueRequired":true,"valueName":"search_term_string"}}],"inLanguage":"pt-BR"},{"@type":"Organization","@id":"https:\/\/primeitalian.com.br\/#organization","name":"Prime Italian","url":"https:\/\/primeitalian.com.br\/","logo":{"@type":"ImageObject","inLanguage":"pt-BR","@id":"https:\/\/primeitalian.com.br\/#\/schema\/logo\/image\/","url":"https:\/\/primeitalian.com.br\/wp-content\/uploads\/2018\/07\/152.png","contentUrl":"https:\/\/primeitalian.com.br\/wp-content\/uploads\/2018\/07\/152.png","width":152,"height":152,"caption":"Prime Italian"},"image":{"@id":"https:\/\/primeitalian.com.br\/#\/schema\/logo\/image\/"},"sameAs":["https:\/\/www.facebook.com\/PrimeItalian","https:\/\/www.instagram.com\/primeitalian\/"]}]}},"_links":{"self":[{"href":"https:\/\/primeitalian.com.br\/pt_br\/wp-json\/wp\/v2\/pages\/939","targetHints":{"allow":["GET"]}}],"collection":[{"href":"https:\/\/primeitalian.com.br\/pt_br\/wp-json\/wp\/v2\/pages"}],"about":[{"href":"https:\/\/primeitalian.com.br\/pt_br\/wp-json\/wp\/v2\/types\/page"}],"author":[{"embeddable":true,"href":"https:\/\/primeitalian.com.br\/pt_br\/wp-json\/wp\/v2\/users\/1"}],"replies":[{"embeddable":true,"href":"https:\/\/primeitalian.com.br\/pt_br\/wp-json\/wp\/v2\/comments?post=939"}],"version-history":[{"count":432,"href":"https:\/\/primeitalian.com.br\/pt_br\/wp-json\/wp\/v2\/pages\/939\/revisions"}],"predecessor-version":[{"id":5636,"href":"https:\/\/primeitalian.com.br\/pt_br\/wp-json\/wp\/v2\/pages\/939\/revisions\/5636"}],"wp:attachment":[{"href":"https:\/\/primeitalian.com.br\/pt_br\/wp-json\/wp\/v2\/media?parent=939"}],"curies":[{"name":"wp","href":"https:\/\/api.w.org\/{rel}","templated":true}]}}