{"id":4858,"date":"2021-02-20T16:28:08","date_gmt":"2021-02-20T19:28:08","guid":{"rendered":"https:\/\/primeitalian.com.br\/?page_id=4858"},"modified":"2024-01-10T14:45:07","modified_gmt":"2024-01-10T17:45:07","slug":"links","status":"publish","type":"page","link":"https:\/\/primeitalian.com.br\/pt_br\/links\/","title":{"rendered":"links"},"content":{"rendered":"<div class=\"wpb-content-wrapper\"><div class=\"vc_row wpb_row vc_row-fluid dt-default\" style=\"margin-top: 0px;margin-bottom: 0px\"><div class=\"wpb_column vc_column_container vc_col-sm-4\"><div class=\"vc_column-inner\"><div class=\"wpb_wrapper\"><\/div><\/div><\/div><div class=\"wpb_column vc_column_container vc_col-sm-4\"><div class=\"vc_column-inner\"><div class=\"wpb_wrapper\"><div class=\"vc_btn3-container vc_btn3-center vc_custom_1614867127453\" ><a onmouseleave=\"this.style.borderColor='#cbb36d'; this.style.backgroundColor='transparent'; this.style.color='#cbb36d'\" onmouseenter=\"this.style.borderColor='#910202'; this.style.backgroundColor='#910202'; this.style.color='#e5dfd3';\" style=\"border-color:#cbb36d; color:#cbb36d;\" class=\"vc_general vc_btn3 vc_btn3-size-md vc_btn3-shape-rounded vc_btn3-style-outline-custom vc_btn3-block vc_btn3-icon-left\" href=\"https:\/\/deliverydireto.com.br\/primeitalian\/primeitalian\" title=\"Delivery Direto\" target=\"_blank\"><i class=\"vc_btn3-icon fas fa-motorcycle\"><\/i> Delivery Direto<\/a><\/div><div class=\"vc_btn3-container vc_btn3-center vc_custom_1613849189224\" ><a onmouseleave=\"this.style.borderColor='#cbb36d'; this.style.backgroundColor='transparent'; this.style.color='#cbb36d'\" onmouseenter=\"this.style.borderColor='#910202'; this.style.backgroundColor='#910202'; this.style.color='#e5dfd3';\" style=\"border-color:#cbb36d; color:#cbb36d;\" class=\"vc_general vc_btn3 vc_btn3-size-md vc_btn3-shape-rounded vc_btn3-style-outline-custom vc_btn3-block vc_btn3-icon-left\" href=\"tel:1933265934\" title=\"\" target=\"_blank\"><i class=\"vc_btn3-icon fas fa-phone-alt\"><\/i> Ligar<\/a><\/div><div class=\"vc_btn3-container vc_btn3-center vc_custom_1704908703508\" ><a onmouseleave=\"this.style.borderColor='#cbb36d'; this.style.backgroundColor='transparent'; this.style.color='#cbb36d'\" onmouseenter=\"this.style.borderColor='#910202'; this.style.backgroundColor='#910202'; this.style.color='#e5dfd3';\" style=\"border-color:#cbb36d; color:#cbb36d;\" class=\"vc_general vc_btn3 vc_btn3-size-md vc_btn3-shape-rounded vc_btn3-style-outline-custom vc_btn3-block vc_btn3-icon-left\" href=\"https:\/\/api.whatsapp.com\/send?phone=5519983053000&#038;text=Ol%C3%A1,%20estou%20entrando%20em%20contato%20atrav%C3%A9s%20do%20site%20primeitalian.com.br\" title=\"\" target=\"_blank\"><i class=\"vc_btn3-icon fab fa-whatsapp\"><\/i> Converse pelo WhatsApp<\/a><\/div><div class=\"vc_btn3-container vc_btn3-center vc_custom_1613849393479\" ><a onmouseleave=\"this.style.borderColor='#cbb36d'; this.style.backgroundColor='transparent'; this.style.color='#cbb36d'\" onmouseenter=\"this.style.borderColor='#910202'; this.style.backgroundColor='#910202'; this.style.color='#e5dfd3';\" style=\"border-color:#cbb36d; color:#cbb36d;\" class=\"vc_general vc_btn3 vc_btn3-size-md vc_btn3-shape-rounded vc_btn3-style-outline-custom vc_btn3-block vc_btn3-icon-left\" href=\"https:\/\/primeitalian.com.br\/menu\/\" title=\"Menu\"><i class=\"vc_btn3-icon fas fa-utensils\"><\/i> Nosso Menu<\/a><\/div><div class=\"vc_btn3-container vc_btn3-center vc_custom_1613849282847\" ><a onmouseleave=\"this.style.borderColor='#cbb36d'; this.style.backgroundColor='transparent'; this.style.color='#cbb36d'\" onmouseenter=\"this.style.borderColor='#910202'; this.style.backgroundColor='#910202'; this.style.color='#e5dfd3';\" style=\"border-color:#cbb36d; color:#cbb36d;\" class=\"vc_general vc_btn3 vc_btn3-size-md vc_btn3-shape-rounded vc_btn3-style-outline-custom vc_btn3-block vc_btn3-icon-left\" href=\"https:\/\/primeitalian.com.br\/rodizio\/\" title=\"Rod\u00edzio de Pizzas\"><i class=\"vc_btn3-icon fas fa-pizza-slice\"><\/i> Rod\u00edzio de Pizzas<\/a><\/div><div class=\"vc_btn3-container vc_btn3-center vc_custom_1613849513475\" ><a onmouseleave=\"this.style.borderColor='#cbb36d'; this.style.backgroundColor='transparent'; this.style.color='#cbb36d'\" onmouseenter=\"this.style.borderColor='#910202'; this.style.backgroundColor='#910202'; this.style.color='#e5dfd3';\" style=\"border-color:#cbb36d; color:#cbb36d;\" class=\"vc_general vc_btn3 vc_btn3-size-md vc_btn3-shape-rounded vc_btn3-style-outline-custom vc_btn3-block vc_btn3-icon-left\" href=\"https:\/\/primeitalian.com.br\/reservas\/\" title=\"Reservas\"><i class=\"vc_btn3-icon far fa-calendar-check\"><\/i> Reservas<\/a><\/div><div class=\"vc_btn3-container vc_btn3-center vc_custom_1669660676409\" ><a onmouseleave=\"this.style.borderColor='#cbb36d'; this.style.backgroundColor='transparent'; this.style.color='#cbb36d'\" onmouseenter=\"this.style.borderColor='#910202'; this.style.backgroundColor='#910202'; this.style.color='#e5dfd3';\" style=\"border-color:#cbb36d; color:#cbb36d;\" class=\"vc_general vc_btn3 vc_btn3-size-md vc_btn3-shape-rounded vc_btn3-style-outline-custom vc_btn3-block vc_btn3-icon-left\" href=\"https:\/\/primeitalian.com.br\/wp-content\/uploads\/2022\/11\/PrimeItalian-Party_v04.pdf\" title=\"Reservas\" target=\"_blank\"><i class=\"vc_btn3-icon fas fa-gifts\"><\/i> Fa\u00e7a sua confraterniza\u00e7\u00e3o aqui!<\/a><\/div><div class=\"vc_btn3-container vc_btn3-center vc_custom_1613849361170\" ><a onmouseleave=\"this.style.borderColor='#cbb36d'; this.style.backgroundColor='transparent'; this.style.color='#cbb36d'\" onmouseenter=\"this.style.borderColor='#910202'; this.style.backgroundColor='#910202'; this.style.color='#e5dfd3';\" style=\"border-color:#cbb36d; color:#cbb36d;\" class=\"vc_general vc_btn3 vc_btn3-size-md vc_btn3-shape-rounded vc_btn3-style-outline-custom vc_btn3-block vc_btn3-icon-left\" href=\"https:\/\/waze.com\/ul\/h6gyt9r36e\" title=\"Dirigir at\u00e9 l\u00e1 com Waze\"><i class=\"vc_btn3-icon fas fa-car\"><\/i> Ir com Waze<\/a><\/div><\/div><\/div><\/div><div class=\"wpb_column vc_column_container vc_col-sm-4\"><div class=\"vc_column-inner\"><div class=\"wpb_wrapper\"><\/div><\/div><\/div><\/div>\n<\/div>","protected":false},"excerpt":{"rendered":"<p>Delivery Direto Ligar Converse pelo WhatsApp Nosso Menu Rod\u00edzio de Pizzas Reservas Fa\u00e7a sua confraterniza\u00e7\u00e3o aqui! Ir com Waze<\/p>\n","protected":false},"author":1,"featured_media":0,"parent":0,"menu_order":0,"comment_status":"closed","ping_status":"closed","template":"","meta":{"footnotes":""},"class_list":["post-4858","page","type-page","status-publish","hentry","description-off"],"yoast_head":"<!-- This site is optimized with the Yoast SEO plugin v26.8 - https:\/\/yoast.com\/product\/yoast-seo-wordpress\/ -->\n<title>links - Prime Italian: Pizzas e Culin\u00e1ria Italiana em Campinas<\/title>\n<meta name=\"robots\" content=\"index, follow, max-snippet:-1, max-image-preview:large, max-video-preview:-1\" \/>\n<link rel=\"canonical\" href=\"https:\/\/primeitalian.com.br\/pt_br\/links\/\" \/>\n<meta property=\"og:locale\" content=\"pt_BR\" \/>\n<meta property=\"og:type\" content=\"article\" \/>\n<meta property=\"og:title\" content=\"links - Prime Italian: Pizzas e Culin\u00e1ria Italiana em Campinas\" \/>\n<meta property=\"og:url\" content=\"https:\/\/primeitalian.com.br\/pt_br\/links\/\" \/>\n<meta property=\"og:site_name\" content=\"Prime Italian: Pizzas e Culin\u00e1ria Italiana em Campinas\" \/>\n<meta property=\"article:publisher\" content=\"https:\/\/www.facebook.com\/PrimeItalian\" \/>\n<meta property=\"article:modified_time\" content=\"2024-01-10T17:45:07+00:00\" \/>\n<meta name=\"twitter:card\" content=\"summary_large_image\" \/>\n<meta name=\"twitter:label1\" content=\"Est. tempo de leitura\" \/>\n\t<meta name=\"twitter:data1\" content=\"2 minutos\" \/>\n<script type=\"application\/ld+json\" class=\"yoast-schema-graph\">{\"@context\":\"https:\/\/schema.org\",\"@graph\":[{\"@type\":\"WebPage\",\"@id\":\"https:\/\/primeitalian.com.br\/links\/\",\"url\":\"https:\/\/primeitalian.com.br\/links\/\",\"name\":\"links - Prime Italian: Pizzas e Culin\u00e1ria Italiana em Campinas\",\"isPartOf\":{\"@id\":\"https:\/\/primeitalian.com.br\/#website\"},\"datePublished\":\"2021-02-20T19:28:08+00:00\",\"dateModified\":\"2024-01-10T17:45:07+00:00\",\"breadcrumb\":{\"@id\":\"https:\/\/primeitalian.com.br\/links\/#breadcrumb\"},\"inLanguage\":\"pt-BR\",\"potentialAction\":[{\"@type\":\"ReadAction\",\"target\":[\"https:\/\/primeitalian.com.br\/links\/\"]}]},{\"@type\":\"BreadcrumbList\",\"@id\":\"https:\/\/primeitalian.com.br\/links\/#breadcrumb\",\"itemListElement\":[{\"@type\":\"ListItem\",\"position\":1,\"name\":\"In\u00edcio\",\"item\":\"https:\/\/primeitalian.com.br\/\"},{\"@type\":\"ListItem\",\"position\":2,\"name\":\"links\"}]},{\"@type\":\"WebSite\",\"@id\":\"https:\/\/primeitalian.com.br\/#website\",\"url\":\"https:\/\/primeitalian.com.br\/\",\"name\":\"Prime Italian\",\"description\":\"\",\"publisher\":{\"@id\":\"https:\/\/primeitalian.com.br\/#organization\"},\"potentialAction\":[{\"@type\":\"SearchAction\",\"target\":{\"@type\":\"EntryPoint\",\"urlTemplate\":\"https:\/\/primeitalian.com.br\/?s={search_term_string}\"},\"query-input\":{\"@type\":\"PropertyValueSpecification\",\"valueRequired\":true,\"valueName\":\"search_term_string\"}}],\"inLanguage\":\"pt-BR\"},{\"@type\":\"Organization\",\"@id\":\"https:\/\/primeitalian.com.br\/#organization\",\"name\":\"Prime Italian\",\"url\":\"https:\/\/primeitalian.com.br\/\",\"logo\":{\"@type\":\"ImageObject\",\"inLanguage\":\"pt-BR\",\"@id\":\"https:\/\/primeitalian.com.br\/#\/schema\/logo\/image\/\",\"url\":\"https:\/\/primeitalian.com.br\/wp-content\/uploads\/2018\/07\/152.png\",\"contentUrl\":\"https:\/\/primeitalian.com.br\/wp-content\/uploads\/2018\/07\/152.png\",\"width\":152,\"height\":152,\"caption\":\"Prime Italian\"},\"image\":{\"@id\":\"https:\/\/primeitalian.com.br\/#\/schema\/logo\/image\/\"},\"sameAs\":[\"https:\/\/www.facebook.com\/PrimeItalian\",\"https:\/\/www.instagram.com\/primeitalian\/\"]}]}<\/script>\n<!-- \/ Yoast SEO plugin. -->","yoast_head_json":{"title":"links - Prime Italian: Pizzas e Culin\u00e1ria Italiana em Campinas","robots":{"index":"index","follow":"follow","max-snippet":"max-snippet:-1","max-image-preview":"max-image-preview:large","max-video-preview":"max-video-preview:-1"},"canonical":"https:\/\/primeitalian.com.br\/pt_br\/links\/","og_locale":"pt_BR","og_type":"article","og_title":"links - Prime Italian: Pizzas e Culin\u00e1ria Italiana em Campinas","og_url":"https:\/\/primeitalian.com.br\/pt_br\/links\/","og_site_name":"Prime Italian: Pizzas e Culin\u00e1ria Italiana em Campinas","article_publisher":"https:\/\/www.facebook.com\/PrimeItalian","article_modified_time":"2024-01-10T17:45:07+00:00","twitter_card":"summary_large_image","twitter_misc":{"Est. tempo de leitura":"2 minutos"},"schema":{"@context":"https:\/\/schema.org","@graph":[{"@type":"WebPage","@id":"https:\/\/primeitalian.com.br\/links\/","url":"https:\/\/primeitalian.com.br\/links\/","name":"links - Prime Italian: Pizzas e Culin\u00e1ria Italiana em Campinas","isPartOf":{"@id":"https:\/\/primeitalian.com.br\/#website"},"datePublished":"2021-02-20T19:28:08+00:00","dateModified":"2024-01-10T17:45:07+00:00","breadcrumb":{"@id":"https:\/\/primeitalian.com.br\/links\/#breadcrumb"},"inLanguage":"pt-BR","potentialAction":[{"@type":"ReadAction","target":["https:\/\/primeitalian.com.br\/links\/"]}]},{"@type":"BreadcrumbList","@id":"https:\/\/primeitalian.com.br\/links\/#breadcrumb","itemListElement":[{"@type":"ListItem","position":1,"name":"In\u00edcio","item":"https:\/\/primeitalian.com.br\/"},{"@type":"ListItem","position":2,"name":"links"}]},{"@type":"WebSite","@id":"https:\/\/primeitalian.com.br\/#website","url":"https:\/\/primeitalian.com.br\/","name":"Prime Italian","description":"","publisher":{"@id":"https:\/\/primeitalian.com.br\/#organization"},"potentialAction":[{"@type":"SearchAction","target":{"@type":"EntryPoint","urlTemplate":"https:\/\/primeitalian.com.br\/?s={search_term_string}"},"query-input":{"@type":"PropertyValueSpecification","valueRequired":true,"valueName":"search_term_string"}}],"inLanguage":"pt-BR"},{"@type":"Organization","@id":"https:\/\/primeitalian.com.br\/#organization","name":"Prime Italian","url":"https:\/\/primeitalian.com.br\/","logo":{"@type":"ImageObject","inLanguage":"pt-BR","@id":"https:\/\/primeitalian.com.br\/#\/schema\/logo\/image\/","url":"https:\/\/primeitalian.com.br\/wp-content\/uploads\/2018\/07\/152.png","contentUrl":"https:\/\/primeitalian.com.br\/wp-content\/uploads\/2018\/07\/152.png","width":152,"height":152,"caption":"Prime Italian"},"image":{"@id":"https:\/\/primeitalian.com.br\/#\/schema\/logo\/image\/"},"sameAs":["https:\/\/www.facebook.com\/PrimeItalian","https:\/\/www.instagram.com\/primeitalian\/"]}]}},"_links":{"self":[{"href":"https:\/\/primeitalian.com.br\/pt_br\/wp-json\/wp\/v2\/pages\/4858","targetHints":{"allow":["GET"]}}],"collection":[{"href":"https:\/\/primeitalian.com.br\/pt_br\/wp-json\/wp\/v2\/pages"}],"about":[{"href":"https:\/\/primeitalian.com.br\/pt_br\/wp-json\/wp\/v2\/types\/page"}],"author":[{"embeddable":true,"href":"https:\/\/primeitalian.com.br\/pt_br\/wp-json\/wp\/v2\/users\/1"}],"replies":[{"embeddable":true,"href":"https:\/\/primeitalian.com.br\/pt_br\/wp-json\/wp\/v2\/comments?post=4858"}],"version-history":[{"count":12,"href":"https:\/\/primeitalian.com.br\/pt_br\/wp-json\/wp\/v2\/pages\/4858\/revisions"}],"predecessor-version":[{"id":5425,"href":"https:\/\/primeitalian.com.br\/pt_br\/wp-json\/wp\/v2\/pages\/4858\/revisions\/5425"}],"wp:attachment":[{"href":"https:\/\/primeitalian.com.br\/pt_br\/wp-json\/wp\/v2\/media?parent=4858"}],"curies":[{"name":"wp","href":"https:\/\/api.w.org\/{rel}","templated":true}]}}