{"id":945,"date":"2018-07-21T16:11:42","date_gmt":"2018-07-21T19:11:42","guid":{"rendered":"https:\/\/primeitalian.com.br\/?page_id=945"},"modified":"2022-04-12T09:30:19","modified_gmt":"2022-04-12T12:30:19","slug":"localizacao","status":"publish","type":"page","link":"https:\/\/primeitalian.com.br\/en\/localizacao\/","title":{"rendered":"Location"},"content":{"rendered":"<div class=\"wpb-content-wrapper\"><div class=\"stripe stripe-style-1\" data-min-height=\"4\" style=\"background-color: #cbb36d;background-position: top;background-repeat: no-repeat;background-attachment: scroll;background-size: auto;padding-top: 0px;padding-bottom: 0px;margin-top: 0px;margin-bottom: 0px\"><div class=\"vc_row wpb_row vc_row-fluid\" style=\"\"><div class=\"wpb_column vc_column_container vc_col-sm-12\"><div class=\"vc_column-inner\"><div class=\"wpb_wrapper\"><\/div><\/div><\/div><\/div><\/div><div class=\"stripe stripe-style-1\" data-min-height=\"0\" style=\"background-position: top;background-repeat: no-repeat;background-attachment: scroll;background-size: auto;padding-top: 0px;padding-bottom: 0px;margin-top: 0px;margin-bottom: 0px\"><div class=\"vc_row wpb_row vc_row-fluid full-width-wrap\" style=\"padding-left: 0px;padding-right: 0px\"><div class=\"wpb_column vc_column_container vc_col-sm-12 vc_col-has-fill\"><div class=\"vc_column-inner vc_custom_1532268310500\"><div class=\"wpb_wrapper\"><div class=\"wpb_gmaps_widget wpb_content_element vc_custom_1532268297964\"><div class=\"wpb_wrapper\"><div class=\"wpb_map_wraper\"><iframe loading=\"lazy\" src=\"https:\/\/www.google.com\/maps\/embed?pb=!1m14!1m8!1m3!1d8621.305730410388!2d-47.05748655491409!3d-22.89815559473587!3m2!1i1024!2i768!4f13.1!3m3!1m2!1s0x94c8cf4e6ec8188b%3A0xb58f1cc7ea06a339!2sRua+Coronel+Quirino%2C+999+-+Centro%2C+Campinas+-+SP%2C+13025-004%2C+Brazil!5e0!3m2!1sen!2sus!4v1532268253526\" width=\"1920\" height=\"400\" frameborder=\"0\" style=\"border:0\" allowfullscreen><\/iframe><\/div><\/div><\/div><\/div><\/div><\/div><\/div><\/div><div class=\"vc_row wpb_row vc_row-fluid dt-default\" style=\"margin-top: 0px;margin-bottom: 0px\"><div class=\"wpb_column vc_column_container vc_col-sm-12 vc_hidden-lg vc_hidden-md vc_hidden-sm\"><div class=\"vc_column-inner\"><div class=\"wpb_wrapper\"><div class=\"vc_btn3-container vc_btn3-center vc_custom_1532300767415\" ><a onmouseleave=\"this.style.borderColor='#06bce0'; this.style.backgroundColor='transparent'; this.style.color='#06bce0'\" onmouseenter=\"this.style.borderColor='#0178bc'; this.style.backgroundColor='#0178bc'; this.style.color='#ffffff';\" style=\"border-color:#06bce0; color:#06bce0;\" class=\"vc_general vc_btn3 vc_btn3-size-md vc_btn3-shape-rounded vc_btn3-style-outline-custom vc_btn3-block vc_btn3-icon-left\" href=\"https:\/\/waze.com\/ul\/h6gyt9r36e\" title=\"Drive there with Waze\" target=\"_blank\"><i class=\"vc_btn3-icon fa fa-car\"><\/i> Drive there with Waze<\/a><\/div><\/div><\/div><\/div><\/div><div class=\"vc_row wpb_row vc_row-fluid vc_custom_1532278579071 vc_row-o-content-top vc_row-flex\"><div class=\"wpb_column vc_column_container vc_col-sm-12 vc_col-lg-4 vc_col-md-4\"><div class=\"vc_column-inner\"><div class=\"wpb_wrapper\"><div class=\"aio-icon-component  vc_custom_1532278853570   style_1\"><div id=\"Info-box-wrap-8854\" class=\"aio-icon-box left-icon\" style=\"\"  ><div class=\"aio-icon-left\"><div class=\"ult-just-icon-wrapper\"><div class=\"align-icon\" style=\"text-align:center;\">\n<div class=\"aio-icon none\"  style=\"color:#c4ac70;font-size:20px;display:inline-block;\">\n\t<i class=\"icomoon-free-social-contact-16x16-home\"><\/i>\n<\/div><\/div><\/div><\/div><div class=\"aio-ibd-block\"><div class=\"aio-icon-header\" ><h3 class=\"aio-icon-title ult-responsive\"  data-ultimate-target='#Info-box-wrap-8854 .aio-icon-title'  data-responsive-json-new='{\"font-size\":\"desktop:16px;\",\"line-height\":\"desktop:26px;\"}'  style=\"font-family:&#039;Montserrat&#039;;font-weight:700;\">Address<\/h3><\/div> <!-- header --><div class=\"aio-icon-description ult-responsive\"  data-ultimate-target='#Info-box-wrap-8854 .aio-icon-description'  data-responsive-json-new='{\"font-size\":\"\",\"line-height\":\"\"}'  style=\"\">Coronel Quirino Street, 999<br \/>\nCambu\u00ed \u2013 Campinas\/SP<\/div> <!-- description --><\/div> <!-- aio-ibd-block --><\/div> <!-- aio-icon-box --><\/div> <!-- aio-icon-component --><div class=\"aio-icon-component  vc_custom_1532278669596   style_1\"><div id=\"Info-box-wrap-7637\" class=\"aio-icon-box left-icon\" style=\"\"  ><div class=\"aio-icon-left\"><div class=\"ult-just-icon-wrapper\"><div class=\"align-icon\" style=\"text-align:center;\">\n<div class=\"aio-icon none\"  style=\"color:#c4ac70;font-size:20px;display:inline-block;\">\n\t<i class=\"icomoon-free-social-contact-16x16-envelop\"><\/i>\n<\/div><\/div><\/div><\/div><div class=\"aio-ibd-block\"><div class=\"aio-icon-header\" ><h3 class=\"aio-icon-title ult-responsive\"  data-ultimate-target='#Info-box-wrap-7637 .aio-icon-title'  data-responsive-json-new='{\"font-size\":\"desktop:16px;\",\"line-height\":\"desktop:26px;\"}'  style=\"font-family:&#039;Montserrat&#039;;font-weight:700;\">E-mail<\/h3><\/div> <!-- header --><div class=\"aio-icon-description ult-responsive\"  data-ultimate-target='#Info-box-wrap-7637 .aio-icon-description'  data-responsive-json-new='{\"font-size\":\"\",\"line-height\":\"\"}'  style=\"\">contato@primeitalian.com.br<\/div> <!-- description --><\/div> <!-- aio-ibd-block --><\/div> <!-- aio-icon-box --><\/div> <!-- aio-icon-component --><\/div><\/div><\/div><div class=\"wpb_column vc_column_container vc_col-sm-12 vc_col-lg-4 vc_col-md-4\"><div class=\"vc_column-inner\"><div class=\"wpb_wrapper\"><div class=\"aio-icon-component  vc_custom_1532300972007   style_1\"><div id=\"Info-box-wrap-8840\" class=\"aio-icon-box left-icon\" style=\"\"  ><div class=\"aio-icon-left\"><div class=\"ult-just-icon-wrapper\"><div class=\"align-icon\" style=\"text-align:center;\">\n<div class=\"aio-icon none\"  style=\"color:#c4ac70;font-size:20px;display:inline-block;\">\n\t<i class=\"icomoon-free-social-contact-16x16-phone\"><\/i>\n<\/div><\/div><\/div><\/div><div class=\"aio-ibd-block\"><div class=\"aio-icon-header\" ><h3 class=\"aio-icon-title ult-responsive\"  data-ultimate-target='#Info-box-wrap-8840 .aio-icon-title'  data-responsive-json-new='{\"font-size\":\"desktop:16px;\",\"line-height\":\"desktop:26px;\"}'  style=\"font-family:&#039;Montserrat&#039;;font-weight:700;\">Telephone<\/h3><\/div> <!-- header --><div class=\"aio-icon-description ult-responsive\"  data-ultimate-target='#Info-box-wrap-8840 .aio-icon-description'  data-responsive-json-new='{\"font-size\":\"\",\"line-height\":\"\"}'  style=\"\"><a href=\"tel:1933265934\">(19) 3326-5934<\/a><br \/>\n<a href=\"tel:1933265925\">(19) 3326-5925<\/a><\/div> <!-- description --><\/div> <!-- aio-ibd-block --><\/div> <!-- aio-icon-box --><\/div> <!-- aio-icon-component --><div class=\"aio-icon-component  vc_custom_1543411788711   style_1\"><div id=\"Info-box-wrap-9703\" class=\"aio-icon-box left-icon\" style=\"\"  ><div class=\"aio-icon-left\"><div class=\"ult-just-icon-wrapper\"><div class=\"align-icon\" style=\"text-align:center;\">\n<div class=\"aio-icon none\"  style=\"color:#c4ac70;font-size:20px;display:inline-block;\">\n\t<i class=\"Defaults-whatsapp\"><\/i>\n<\/div><\/div><\/div><\/div><div class=\"aio-ibd-block\"><div class=\"aio-icon-header\" ><h3 class=\"aio-icon-title ult-responsive\"  data-ultimate-target='#Info-box-wrap-9703 .aio-icon-title'  data-responsive-json-new='{\"font-size\":\"desktop:16px;\",\"line-height\":\"desktop:26px;\"}'  style=\"font-family:&#039;Montserrat&#039;;font-weight:700;\">NOVO WhatsApp<\/h3><\/div> <!-- header --><div class=\"aio-icon-description ult-responsive\"  data-ultimate-target='#Info-box-wrap-9703 .aio-icon-description'  data-responsive-json-new='{\"font-size\":\"\",\"line-height\":\"\"}'  style=\"\">Cel.:\u00a0(19) 98418-7979<\/div> <!-- description --><\/div> <!-- aio-ibd-block --><\/div> <!-- aio-icon-box --><\/div> <!-- aio-icon-component --><\/div><\/div><\/div><div class=\"wpb_column vc_column_container vc_col-sm-12 vc_col-lg-4 vc_col-md-4\"><div class=\"vc_column-inner\"><div class=\"wpb_wrapper\"><div class=\"aio-icon-component  vc_custom_1612805775955   style_1\"><div id=\"Info-box-wrap-8869\" class=\"aio-icon-box left-icon\" style=\"\"  ><div class=\"aio-icon-left\"><div class=\"ult-just-icon-wrapper\"><div class=\"align-icon\" style=\"text-align:center;\">\n<div class=\"aio-icon none\"  style=\"color:#c4ac70;font-size:20px;display:inline-block;\">\n\t<i class=\"icomoon-free-social-contact-16x16-clock\"><\/i>\n<\/div><\/div><\/div><\/div><div class=\"aio-ibd-block\"><div class=\"aio-icon-header\" ><h3 class=\"aio-icon-title ult-responsive\"  data-ultimate-target='#Info-box-wrap-8869 .aio-icon-title'  data-responsive-json-new='{\"font-size\":\"desktop:16px;\",\"line-height\":\"desktop:26px;\"}'  style=\"font-family:&#039;Montserrat&#039;;font-weight:700;\">opening hours<\/h3><\/div> <!-- header --><div class=\"aio-icon-description ult-responsive\"  data-ultimate-target='#Info-box-wrap-8869 .aio-icon-description'  data-responsive-json-new='{\"font-size\":\"\",\"line-height\":\"\"}'  style=\"\"><\/p>\n<p style=\"text-align: left;\"><strong>Monday to Friday<\/strong> &#8211; das 12h00 \u00e0s 15h00 e das 18h30 \u00e0s 22h00<\/p>\n<p style=\"text-align: left;\"><strong>Saturdays, Sundays and Holidays<\/strong> &#8211; das 12h00 \u00e0s 16h00 e das 18h30 \u00e0s 22h00<\/p>\n<p><\/div> <!-- description --><\/div> <!-- aio-ibd-block --><\/div> <!-- aio-icon-box --><\/div> <!-- aio-icon-component --><\/div><\/div><\/div><\/div><div data-vc-full-width=\"true\" data-vc-full-width-init=\"false\" class=\"vc_row wpb_row vc_row-fluid vc_custom_1532264563156 vc_row-has-fill\"><div class=\"wpb_column vc_column_container vc_col-sm-12\"><div class=\"vc_column-inner vc_custom_1460570299912\"><div class=\"wpb_wrapper\">\n\t<div  class=\"wpb_single_image wpb_content_element vc_align_center  vc_custom_1532264492407\">\n\t\t\n\t\t<figure class=\"wpb_wrapper vc_figure\">\n\t\t\t<div class=\"vc_single_image-wrapper   vc_box_border_grey\"><img loading=\"lazy\" decoding=\"async\" width=\"88\" height=\"110\" src=\"https:\/\/primeitalian.com.br\/wp-content\/uploads\/2018\/07\/logo-rodape.png\" class=\"vc_single_image-img attachment-full\" alt=\"\" title=\"logo-rodape\"  data-dt-location=\"https:\/\/primeitalian.com.br\/en\/home\/logo-rodape\/\" \/><\/div>\n\t\t<\/figure>\n\t<\/div>\n<\/div><\/div><\/div><div class=\"wpb_column vc_column_container vc_col-sm-12 vc_col-lg-offset-1 vc_col-lg-10 vc_col-md-offset-1 vc_col-md-10 vc_col-sm-offset-0\"><div class=\"vc_column-inner vc_custom_1461332951646\"><div class=\"wpb_wrapper\"><div class=\"vc_row wpb_row vc_inner vc_row-fluid\"><div class=\"wpb_column vc_column_container vc_col-sm-4\"><div class=\"vc_column-inner vc_custom_1461332837092\"><div class=\"wpb_wrapper\"><div id=\"ultimate-heading-70569d4384f22b35\" class=\"uvc-heading ult-adjust-bottom-margin ultimate-heading-70569d4384f22b35 uvc-6291\" data-hspacer=\"no_spacer\"  data-halign=\"center\" style=\"text-align:center\"><div class=\"uvc-heading-spacer no_spacer\" style=\"top\"><\/div><div class=\"uvc-main-heading ult-responsive\"  data-ultimate-target='.uvc-heading.ultimate-heading-70569d4384f22b35 h2'  data-responsive-json-new='{\"font-size\":\"desktop:15px;\",\"line-height\":\"desktop:22px;\"}' ><h2 style=\"font-family:&#039;Poppins&#039;;font-weight:700;color:#ffffff;\">Location<\/h2><\/div><div class=\"uvc-sub-heading ult-responsive\"  data-ultimate-target='.uvc-heading.ultimate-heading-70569d4384f22b35 .uvc-sub-heading '  data-responsive-json-new='{\"font-size\":\"desktop:15px;\",\"line-height\":\"desktop:22px;\"}'  style=\"font-family:&#039;Poppins&#039;;font-weight:normal;font-style:normal;color:#bfbfbf;\"><\/p>\n<p style=\"text-align: center;\">Coronel Quirino Street, 999<br \/>\nCambu\u00ed \u2013 Campinas\/SP<\/p>\n<p><\/div><\/div><div class=\"vc_btn3-container vc_btn3-center vc_custom_1532264844640\" ><a onmouseleave=\"this.style.borderColor='#bfbfbf'; this.style.backgroundColor='transparent'; this.style.color='#bfbfbf'\" onmouseenter=\"this.style.borderColor='#ffffff'; this.style.backgroundColor='#ffffff'; this.style.color='#000000';\" style=\"border-color:#bfbfbf; color:#bfbfbf;\" class=\"vc_general vc_btn3 vc_btn3-size-sm vc_btn3-shape-rounded vc_btn3-style-outline-custom vc_btn3-icon-left\" href=\"https:\/\/primeitalian.com.br\/en\/localizacao\/\" title=\"Location\"><i class=\"vc_btn3-icon fa fa-map-pin\"><\/i> How to get<\/a><\/div><\/div><\/div><\/div><div class=\"wpb_column vc_column_container vc_col-sm-4\"><div class=\"vc_column-inner vc_custom_1461332842664\"><div class=\"wpb_wrapper\"><div id=\"ultimate-heading-345169d4384f22f9b\" class=\"uvc-heading ult-adjust-bottom-margin ultimate-heading-345169d4384f22f9b uvc-1054\" data-hspacer=\"no_spacer\"  data-halign=\"center\" style=\"text-align:center\"><div class=\"uvc-heading-spacer no_spacer\" style=\"top\"><\/div><div class=\"uvc-main-heading ult-responsive\"  data-ultimate-target='.uvc-heading.ultimate-heading-345169d4384f22f9b h2'  data-responsive-json-new='{\"font-size\":\"desktop:15px;\",\"line-height\":\"desktop:22px;\"}' ><h2 style=\"font-family:&#039;Poppins&#039;;font-weight:700;color:#ffffff;\">opening hours<\/h2><\/div><div class=\"uvc-sub-heading ult-responsive\"  data-ultimate-target='.uvc-heading.ultimate-heading-345169d4384f22f9b .uvc-sub-heading '  data-responsive-json-new='{\"font-size\":\"desktop:15px;\",\"line-height\":\"desktop:22px;\"}'  style=\"font-family:&#039;Poppins&#039;;font-weight:normal;font-style:normal;color:#bfbfbf;\"><\/p>\n<p style=\"text-align: center;\"><strong>Monday to Friday<\/strong> &#8211; das 12h \u00e0s 15h e das 18h30 \u00e0s 23h<\/p>\n<p style=\"text-align: center;\"><strong>Saturdays, Sundays and Holidays<\/strong> &#8211; das 12h \u00e0s 16h e das 18h30 \u00e0s 23h<\/p>\n<p><\/div><\/div><\/div><\/div><\/div><div class=\"wpb_column vc_column_container vc_col-sm-4\"><div class=\"vc_column-inner vc_custom_1461332847822\"><div class=\"wpb_wrapper\"><div id=\"ultimate-heading-391669d4384f231a9\" class=\"uvc-heading ult-adjust-bottom-margin ultimate-heading-391669d4384f231a9 uvc-2789\" data-hspacer=\"no_spacer\"  data-halign=\"center\" style=\"text-align:center\"><div class=\"uvc-heading-spacer no_spacer\" style=\"top\"><\/div><div class=\"uvc-main-heading ult-responsive\"  data-ultimate-target='.uvc-heading.ultimate-heading-391669d4384f231a9 h2'  data-responsive-json-new='{\"font-size\":\"desktop:15px;\",\"line-height\":\"desktop:22px;\"}' ><h2 style=\"font-family:&#039;Poppins&#039;;font-weight:700;color:#ffffff;\">Contact us<\/h2><\/div><div class=\"uvc-sub-heading ult-responsive\"  data-ultimate-target='.uvc-heading.ultimate-heading-391669d4384f231a9 .uvc-sub-heading '  data-responsive-json-new='{\"font-size\":\"desktop:15px;\",\"line-height\":\"desktop:22px;\"}'  style=\"font-family:&#039;Poppins&#039;;font-weight:normal;font-style:normal;color:#bfbfbf;\"><strong>Phone:<\/strong> <a href=\"tel:1933265934\">(19) 3326-5934<\/a><br \/>\n<strong>Phone:<\/strong> <a href=\"tel:1933265925\">(19) 3326-5925<\/a><br \/>\n<strong>Whatsapp:<\/strong> (19) 9 8418-7979<\/div><\/div><div class=\"vc_btn3-container vc_btn3-center vc_custom_1543371215882\" ><a onmouseleave=\"this.style.borderColor='#4ac105'; this.style.backgroundColor='transparent'; this.style.color='#4ac105'\" onmouseenter=\"this.style.borderColor='#257a01'; this.style.backgroundColor='#257a01'; this.style.color='#e5fbd9';\" style=\"border-color:#4ac105; color:#4ac105;\" class=\"vc_general vc_btn3 vc_btn3-size-sm vc_btn3-shape-rounded vc_btn3-style-outline-custom vc_btn3-icon-left\" href=\"http:\/\/bit.ly\/PrimeItalianWhatsApp\" title=\"Talk on WhatsApp\"><i class=\"vc_btn3-icon fa fa-whatsapp\"><\/i> Talk on WhatsApp<\/a><\/div><\/div><\/div><\/div><\/div><div class=\"vc_row wpb_row vc_inner vc_row-fluid\"><div class=\"wpb_column vc_column_container vc_col-sm-12\"><div class=\"vc_column-inner\"><div class=\"wpb_wrapper\"><div id=\"ultimate-heading-751169d4384f237a9\" class=\"uvc-heading ult-adjust-bottom-margin ultimate-heading-751169d4384f237a9 uvc-8263\" data-hspacer=\"no_spacer\"  data-halign=\"center\" style=\"text-align:center\"><div class=\"uvc-heading-spacer no_spacer\" style=\"top\"><\/div><div class=\"uvc-main-heading ult-responsive\"  data-ultimate-target='.uvc-heading.ultimate-heading-751169d4384f237a9 h2'  data-responsive-json-new='{\"font-size\":\"desktop:15px;\",\"line-height\":\"desktop:22px;\"}' ><h2 style=\"font-family:&#039;Poppins&#039;;font-weight:700;color:#ffffff;\">Payment methods<\/h2><\/div><div class=\"uvc-sub-heading ult-responsive\"  data-ultimate-target='.uvc-heading.ultimate-heading-751169d4384f237a9 .uvc-sub-heading '  data-responsive-json-new='{\"font-size\":\"desktop:15px;\",\"line-height\":\"desktop:22px;\"}'  style=\"font-family:&#039;Poppins&#039;;font-weight:normal;font-style:normal;color:#bfbfbf;\"><\/p>\n<p style=\"text-align: center;\">Money; Master; Visa; Link; Link Meal; Ticket Restaurant; Sodexo Meal; Diners; American Express.<\/p>\n<p><\/div><\/div><\/div><\/div><\/div><\/div><\/div><\/div><\/div><div class=\"wpb_column vc_column_container vc_col-sm-12\"><div class=\"vc_column-inner vc_custom_1460570841666\"><div class=\"wpb_wrapper\"><div class=\"uavc-icons-center uavc-icons\">\n<a class=\"aio-tooltip 69d4384f23add\" href=\"https:\/\/www.facebook.com\/PrimeItalian\" title=\"Facebook Prime Italian\"  data-toggle=\"tooltip\" data-placement=\"\"><div class=\"aio-icon circle\" data-animation=\"\" data-animation-delay=\"03\" style=\"color:#131313;background:#f7f7f7;font-size:18px;margin-right:5px;\">\n\t<i class=\"icomoon-free-social-contact-16x16-facebook\"><\/i>\n<\/div><\/a>\n<a class=\"aio-tooltip 69d4384f23b07\" href=\"https:\/\/www.instagram.com\/primeitalian\/\" title=\"Instagram Prime Italian\"  data-toggle=\"tooltip\" data-placement=\"\"><div class=\"aio-icon circle\" data-animation=\"\" data-animation-delay=\"03\" style=\"color:#131313;background:#f7f7f7;font-size:18px;margin-right:5px;\">\n\t<i class=\"Defaults-instagram\"><\/i>\n<\/div><\/a>\n<a class=\"aio-tooltip 69d4384f23b21\" href=\"http:\/\/bit.ly\/PrimeItalianWhatsApp\" title=\"WhatsApp Prime Italian\"  data-toggle=\"tooltip\" data-placement=\"\"><div class=\"aio-icon circle\" data-animation=\"\" data-animation-delay=\"03\" style=\"color:#131313;background:#f7f7f7;font-size:18px;margin-right:5px;\">\n\t<i class=\"Defaults-whatsapp\"><\/i>\n<\/div><\/a><\/div><\/div><\/div><\/div><div class=\"wpb_column vc_column_container vc_col-sm-12\"><div class=\"vc_column-inner vc_custom_1469282395397\"><div class=\"wpb_wrapper\"><div id=\"ultimate-heading-967969d4384f23cd0\" class=\"uvc-heading ult-adjust-bottom-margin ultimate-heading-967969d4384f23cd0 uvc-7464\" data-hspacer=\"no_spacer\"  data-halign=\"center\" style=\"text-align:center\"><div class=\"uvc-heading-spacer no_spacer\" style=\"top\"><\/div><div class=\"uvc-sub-heading ult-responsive\"  data-ultimate-target='.uvc-heading.ultimate-heading-967969d4384f23cd0 .uvc-sub-heading '  data-responsive-json-new='{\"font-size\":\"desktop:12px;\",\"line-height\":\"desktop:18px;\"}'  style=\"font-family:&#039;Poppins&#039;;font-weight:normal;font-style:normal;color:#a0a0a0;\"><\/p>\n<p style=\"text-align: center;\">Raz\u00e3o Social: PRO QUALITY RESTAURANTES EIRELI &#8211; CNPJ: 10373556-0001\/87<\/p>\n<p><\/div><\/div><\/div><\/div><\/div><\/div><div class=\"vc_row-full-width vc_clearfix\"><\/div>\n<\/div>","protected":false},"excerpt":{"rendered":"<p>Dirigir at\u00e9 l\u00e1 com Waze Endere\u00e7o Rua Coronel Quirino, 999 Cambu\u00ed \u2013 Campinas\/SP E-mail contato@primeitalian.com.br Telefone (19) 3326-5934 (19) 3326-5925 NOVO WhatsApp Cel.:\u00a0(19) 98418-7979 Hor\u00e1rio de Funcionamento 2\u00aa a 6\u00aa feira &#8211; das 12h00 \u00e0s 15h00 e das 18h30 \u00e0s 22h00 S\u00e1bados, Domingos e Feriados &#8211; das 12h00 \u00e0s 16h00 e das 18h30 \u00e0s 22h00&hellip;<\/p>","protected":false},"author":1,"featured_media":0,"parent":0,"menu_order":0,"comment_status":"closed","ping_status":"closed","template":"","meta":{"footnotes":""},"class_list":["post-945","page","type-page","status-publish","hentry","description-off"],"yoast_head":"<!-- This site is optimized with the Yoast SEO plugin v26.8 - https:\/\/yoast.com\/product\/yoast-seo-wordpress\/ -->\n<title>Localiza\u00e7\u00e3o - Prime Italian: Pizzas e Culin\u00e1ria Italiana em Campinas<\/title>\n<meta name=\"robots\" content=\"index, follow, max-snippet:-1, max-image-preview:large, max-video-preview:-1\" \/>\n<link rel=\"canonical\" href=\"https:\/\/primeitalian.com.br\/en\/localizacao\/\" \/>\n<meta property=\"og:locale\" content=\"en_US\" \/>\n<meta property=\"og:type\" content=\"article\" \/>\n<meta property=\"og:title\" content=\"Localiza\u00e7\u00e3o - Prime Italian: Pizzas e Culin\u00e1ria Italiana em Campinas\" \/>\n<meta property=\"og:url\" content=\"https:\/\/primeitalian.com.br\/en\/localizacao\/\" \/>\n<meta property=\"og:site_name\" content=\"Prime Italian: Pizzas e Culin\u00e1ria Italiana em Campinas\" \/>\n<meta property=\"article:publisher\" content=\"https:\/\/www.facebook.com\/PrimeItalian\" \/>\n<meta property=\"article:modified_time\" content=\"2022-04-12T12:30:19+00:00\" \/>\n<meta name=\"twitter:card\" content=\"summary_large_image\" \/>\n<meta name=\"twitter:label1\" content=\"Est. reading time\" \/>\n\t<meta name=\"twitter:data1\" content=\"3 minutes\" \/>\n<script type=\"application\/ld+json\" class=\"yoast-schema-graph\">{\"@context\":\"https:\/\/schema.org\",\"@graph\":[{\"@type\":\"WebPage\",\"@id\":\"https:\/\/primeitalian.com.br\/localizacao\/\",\"url\":\"https:\/\/primeitalian.com.br\/localizacao\/\",\"name\":\"Localiza\u00e7\u00e3o - Prime Italian: Pizzas e Culin\u00e1ria Italiana em Campinas\",\"isPartOf\":{\"@id\":\"https:\/\/primeitalian.com.br\/#website\"},\"datePublished\":\"2018-07-21T19:11:42+00:00\",\"dateModified\":\"2022-04-12T12:30:19+00:00\",\"breadcrumb\":{\"@id\":\"https:\/\/primeitalian.com.br\/localizacao\/#breadcrumb\"},\"inLanguage\":\"en-US\",\"potentialAction\":[{\"@type\":\"ReadAction\",\"target\":[\"https:\/\/primeitalian.com.br\/localizacao\/\"]}]},{\"@type\":\"BreadcrumbList\",\"@id\":\"https:\/\/primeitalian.com.br\/localizacao\/#breadcrumb\",\"itemListElement\":[{\"@type\":\"ListItem\",\"position\":1,\"name\":\"In\u00edcio\",\"item\":\"https:\/\/primeitalian.com.br\/\"},{\"@type\":\"ListItem\",\"position\":2,\"name\":\"Localiza\u00e7\u00e3o\"}]},{\"@type\":\"WebSite\",\"@id\":\"https:\/\/primeitalian.com.br\/#website\",\"url\":\"https:\/\/primeitalian.com.br\/\",\"name\":\"Prime Italian\",\"description\":\"\",\"publisher\":{\"@id\":\"https:\/\/primeitalian.com.br\/#organization\"},\"potentialAction\":[{\"@type\":\"SearchAction\",\"target\":{\"@type\":\"EntryPoint\",\"urlTemplate\":\"https:\/\/primeitalian.com.br\/?s={search_term_string}\"},\"query-input\":{\"@type\":\"PropertyValueSpecification\",\"valueRequired\":true,\"valueName\":\"search_term_string\"}}],\"inLanguage\":\"en-US\"},{\"@type\":\"Organization\",\"@id\":\"https:\/\/primeitalian.com.br\/#organization\",\"name\":\"Prime Italian\",\"url\":\"https:\/\/primeitalian.com.br\/\",\"logo\":{\"@type\":\"ImageObject\",\"inLanguage\":\"en-US\",\"@id\":\"https:\/\/primeitalian.com.br\/#\/schema\/logo\/image\/\",\"url\":\"https:\/\/primeitalian.com.br\/wp-content\/uploads\/2018\/07\/152.png\",\"contentUrl\":\"https:\/\/primeitalian.com.br\/wp-content\/uploads\/2018\/07\/152.png\",\"width\":152,\"height\":152,\"caption\":\"Prime Italian\"},\"image\":{\"@id\":\"https:\/\/primeitalian.com.br\/#\/schema\/logo\/image\/\"},\"sameAs\":[\"https:\/\/www.facebook.com\/PrimeItalian\",\"https:\/\/www.instagram.com\/primeitalian\/\"]}]}<\/script>\n<!-- \/ Yoast SEO plugin. -->","yoast_head_json":{"title":"Localiza\u00e7\u00e3o - Prime Italian: Pizzas e Culin\u00e1ria Italiana em Campinas","robots":{"index":"index","follow":"follow","max-snippet":"max-snippet:-1","max-image-preview":"max-image-preview:large","max-video-preview":"max-video-preview:-1"},"canonical":"https:\/\/primeitalian.com.br\/en\/localizacao\/","og_locale":"en_US","og_type":"article","og_title":"Localiza\u00e7\u00e3o - Prime Italian: Pizzas e Culin\u00e1ria Italiana em Campinas","og_url":"https:\/\/primeitalian.com.br\/en\/localizacao\/","og_site_name":"Prime Italian: Pizzas e Culin\u00e1ria Italiana em Campinas","article_publisher":"https:\/\/www.facebook.com\/PrimeItalian","article_modified_time":"2022-04-12T12:30:19+00:00","twitter_card":"summary_large_image","twitter_misc":{"Est. reading time":"3 minutes"},"schema":{"@context":"https:\/\/schema.org","@graph":[{"@type":"WebPage","@id":"https:\/\/primeitalian.com.br\/localizacao\/","url":"https:\/\/primeitalian.com.br\/localizacao\/","name":"Localiza\u00e7\u00e3o - Prime Italian: Pizzas e Culin\u00e1ria Italiana em Campinas","isPartOf":{"@id":"https:\/\/primeitalian.com.br\/#website"},"datePublished":"2018-07-21T19:11:42+00:00","dateModified":"2022-04-12T12:30:19+00:00","breadcrumb":{"@id":"https:\/\/primeitalian.com.br\/localizacao\/#breadcrumb"},"inLanguage":"en-US","potentialAction":[{"@type":"ReadAction","target":["https:\/\/primeitalian.com.br\/localizacao\/"]}]},{"@type":"BreadcrumbList","@id":"https:\/\/primeitalian.com.br\/localizacao\/#breadcrumb","itemListElement":[{"@type":"ListItem","position":1,"name":"In\u00edcio","item":"https:\/\/primeitalian.com.br\/"},{"@type":"ListItem","position":2,"name":"Localiza\u00e7\u00e3o"}]},{"@type":"WebSite","@id":"https:\/\/primeitalian.com.br\/#website","url":"https:\/\/primeitalian.com.br\/","name":"Prime Italian","description":"","publisher":{"@id":"https:\/\/primeitalian.com.br\/#organization"},"potentialAction":[{"@type":"SearchAction","target":{"@type":"EntryPoint","urlTemplate":"https:\/\/primeitalian.com.br\/?s={search_term_string}"},"query-input":{"@type":"PropertyValueSpecification","valueRequired":true,"valueName":"search_term_string"}}],"inLanguage":"en-US"},{"@type":"Organization","@id":"https:\/\/primeitalian.com.br\/#organization","name":"Prime Italian","url":"https:\/\/primeitalian.com.br\/","logo":{"@type":"ImageObject","inLanguage":"en-US","@id":"https:\/\/primeitalian.com.br\/#\/schema\/logo\/image\/","url":"https:\/\/primeitalian.com.br\/wp-content\/uploads\/2018\/07\/152.png","contentUrl":"https:\/\/primeitalian.com.br\/wp-content\/uploads\/2018\/07\/152.png","width":152,"height":152,"caption":"Prime Italian"},"image":{"@id":"https:\/\/primeitalian.com.br\/#\/schema\/logo\/image\/"},"sameAs":["https:\/\/www.facebook.com\/PrimeItalian","https:\/\/www.instagram.com\/primeitalian\/"]}]}},"_links":{"self":[{"href":"https:\/\/primeitalian.com.br\/en\/wp-json\/wp\/v2\/pages\/945","targetHints":{"allow":["GET"]}}],"collection":[{"href":"https:\/\/primeitalian.com.br\/en\/wp-json\/wp\/v2\/pages"}],"about":[{"href":"https:\/\/primeitalian.com.br\/en\/wp-json\/wp\/v2\/types\/page"}],"author":[{"embeddable":true,"href":"https:\/\/primeitalian.com.br\/en\/wp-json\/wp\/v2\/users\/1"}],"replies":[{"embeddable":true,"href":"https:\/\/primeitalian.com.br\/en\/wp-json\/wp\/v2\/comments?post=945"}],"version-history":[{"count":40,"href":"https:\/\/primeitalian.com.br\/en\/wp-json\/wp\/v2\/pages\/945\/revisions"}],"predecessor-version":[{"id":5026,"href":"https:\/\/primeitalian.com.br\/en\/wp-json\/wp\/v2\/pages\/945\/revisions\/5026"}],"wp:attachment":[{"href":"https:\/\/primeitalian.com.br\/en\/wp-json\/wp\/v2\/media?parent=945"}],"curies":[{"name":"wp","href":"https:\/\/api.w.org\/{rel}","templated":true}]}}