{"id":937,"date":"2018-07-21T16:09:53","date_gmt":"2018-07-21T19:09:53","guid":{"rendered":"https:\/\/primeitalian.com.br\/?page_id=937"},"modified":"2025-10-13T11:34:23","modified_gmt":"2025-10-13T14:34:23","slug":"delivery","status":"publish","type":"page","link":"https:\/\/primeitalian.com.br\/en\/delivery\/","title":{"rendered":"delivery"},"content":{"rendered":"<div class=\"wpb-content-wrapper\"><div class=\"stripe stripe-style-1\" data-min-height=\"4\" style=\"background-color: #cbb36d;background-position: top;background-repeat: no-repeat;background-attachment: scroll;background-size: auto;padding-top: 0px;padding-bottom: 0px;margin-top: 0px;margin-bottom: 0px\"><div class=\"vc_row wpb_row vc_row-fluid\" style=\"\"><div class=\"wpb_column vc_column_container vc_col-sm-12\"><div class=\"vc_column-inner\"><div class=\"wpb_wrapper\"><\/div><\/div><\/div><\/div><\/div><div class=\"vc_row wpb_row vc_row-fluid dt-default\" style=\"margin-top: 0px;margin-bottom: 0px\"><div class=\"wpb_column vc_column_container vc_col-sm-12 vc_col-has-fill\"><div class=\"vc_column-inner vc_custom_1532279841404\"><div class=\"wpb_wrapper\">\n\t<div class=\"wpb_text_column wpb_content_element  vc_custom_1700693505651\" >\n\t\t<div class=\"wpb_wrapper\">\n\t\t\t<h4 style=\"text-align: center;\">Se preferir, pe\u00e7a pelo\u00a0 Telefone (19) 3326-5934<br \/>\nand withdraw at Prime Italian with 10% discount!<\/h4>\n\n\t\t<\/div>\n\t<\/div>\n<div class=\"vc_btn3-container vc_btn3-center vc_custom_1602179175852\" ><a class=\"vc_general vc_btn3 vc_btn3-size-lg vc_btn3-shape-rounded vc_btn3-style-3d vc_btn3-color-danger\" href=\"https:\/\/primeitalian.com.br\/en\/menu\/\" title=\"Digital Menu\" target=\"_blank\">Check out our Digital Menu<\/a><\/div><div class=\"vc_btn3-container vc_btn3-center vc_custom_1581816953087\" ><a class=\"vc_general vc_btn3 vc_btn3-size-lg vc_btn3-shape-rounded vc_btn3-style-3d vc_btn3-color-danger\" href=\"https:\/\/www.ifood.com.br\/delivery\/campinas-sp\/prime-italian-cambui\/fc644085-4e49-4951-b6eb-9d9fd98c7649?utm_medium=share\" title=\"ifood\" target=\"_blank\">Ask for ifood<\/a><\/div><\/div><\/div><\/div><\/div><div class=\"vc_row wpb_row vc_row-fluid dt-default\" style=\"margin-top: 0px;margin-bottom: 0px\"><div class=\"wpb_column vc_column_container vc_col-sm-12 vc_col-has-fill\"><div class=\"vc_column-inner vc_custom_1532279841404\"><div class=\"wpb_wrapper\"><div class=\"vc_custom_1532279716716 uavc-icons-center uavc-icons\">\n<div class=\"aio-icon\" data-animation=\"\" data-animation-delay=\"03\" style=\"font-size:32px;margin-right:5px;\">\n\t<i class=\"Defaults-info-circle\"><\/i>\n<\/div><\/div>\n\t<div class=\"wpb_text_column wpb_content_element  vc_custom_1532279872161\" >\n\t\t<div class=\"wpb_wrapper\">\n\t\t\t<p style=\"text-align: center;\">All pizzas contain tomato sauce;<br \/>\nIn half and half pizzas, the amount charged will refer to the higher value;<br \/>\nThe price of individual pizzas (sprouting) corresponds to 60% of the value of the large ones.<br \/>\nSee delivery area.<\/p>\n\n\t\t<\/div>\n\t<\/div>\n<div class=\"vc_empty_space\"   style=\"height: 32px\"><span class=\"vc_empty_space_inner\"><\/span><\/div><\/div><\/div><\/div><\/div><div data-vc-full-width=\"true\" data-vc-full-width-init=\"false\" class=\"vc_row wpb_row vc_row-fluid vc_custom_1532264563156 vc_row-has-fill\"><div class=\"wpb_column vc_column_container vc_col-sm-12\"><div class=\"vc_column-inner vc_custom_1460570299912\"><div class=\"wpb_wrapper\">\n\t<div  class=\"wpb_single_image wpb_content_element vc_align_center  vc_custom_1678481824044\">\n\t\t\n\t\t<figure class=\"wpb_wrapper vc_figure\">\n\t\t\t<div class=\"vc_single_image-wrapper   vc_box_border_grey\"><img loading=\"lazy\" decoding=\"async\" width=\"113\" height=\"144\" src=\"https:\/\/primeitalian.com.br\/wp-content\/uploads\/2023\/03\/Prime_Italian_Logo_Invertido-113.png\" class=\"vc_single_image-img attachment-full\" alt=\"\" title=\"Prime_Italian_Logo_Inverso-113\"  data-dt-location=\"https:\/\/primeitalian.com.br\/en\/prime_italian_logo_invertido-113\/\" \/><\/div>\n\t\t<\/figure>\n\t<\/div>\n<div class=\"vc_row wpb_row vc_inner vc_row-fluid\"><div class=\"wpb_column vc_column_container vc_col-sm-4\"><div class=\"vc_column-inner\"><div class=\"wpb_wrapper\"><div id=\"ultimate-heading-774469d438f144798\" class=\"uvc-heading ult-adjust-bottom-margin ultimate-heading-774469d438f144798 uvc-6967\" data-hspacer=\"no_spacer\"  data-halign=\"center\" style=\"text-align:center\"><div class=\"uvc-heading-spacer no_spacer\" style=\"top\"><\/div><div class=\"uvc-main-heading ult-responsive\"  data-ultimate-target='.uvc-heading.ultimate-heading-774469d438f144798 h2'  data-responsive-json-new='{\"font-size\":\"desktop:15px;\",\"line-height\":\"desktop:22px;\"}' ><h2 style=\"font-family:&#039;Poppins&#039;;font-weight:700;color:#ffffff;\">Location<\/h2><\/div><div class=\"uvc-sub-heading ult-responsive\"  data-ultimate-target='.uvc-heading.ultimate-heading-774469d438f144798 .uvc-sub-heading '  data-responsive-json-new='{\"font-size\":\"desktop:15px;\",\"line-height\":\"desktop:22px;\"}'  style=\"font-family:&#039;Poppins&#039;;font-weight:normal;font-style:normal;color:#bfbfbf;\"><\/p>\n<p style=\"text-align: center;\">R. Coronel Quirino, 999 &#8211; Cambu\u00ed<br \/>\nCampinas &#8211; SP, 13025-002<\/p>\n<p><\/div><\/div><div class=\"vc_btn3-container vc_btn3-center vc_custom_1532264844640\" ><a onmouseleave=\"this.style.borderColor='#bfbfbf'; this.style.backgroundColor='transparent'; this.style.color='#bfbfbf'\" onmouseenter=\"this.style.borderColor='#ffffff'; this.style.backgroundColor='#ffffff'; this.style.color='#000000';\" style=\"border-color:#bfbfbf; color:#bfbfbf;\" class=\"vc_general vc_btn3 vc_btn3-size-sm vc_btn3-shape-rounded vc_btn3-style-outline-custom vc_btn3-icon-left\" href=\"https:\/\/primeitalian.com.br\/en\/localizacao\/\" title=\"Location\"><i class=\"vc_btn3-icon fa fa-map-pin\"><\/i> How to get<\/a><\/div><\/div><\/div><\/div><div class=\"wpb_column vc_column_container vc_col-sm-4\"><div class=\"vc_column-inner\"><div class=\"wpb_wrapper\"><div id=\"ultimate-heading-688469d438f144be1\" class=\"uvc-heading ult-adjust-bottom-margin ultimate-heading-688469d438f144be1 uvc-4389\" data-hspacer=\"no_spacer\"  data-halign=\"center\" style=\"text-align:center\"><div class=\"uvc-heading-spacer no_spacer\" style=\"top\"><\/div><div class=\"uvc-main-heading ult-responsive\"  data-ultimate-target='.uvc-heading.ultimate-heading-688469d438f144be1 h2'  data-responsive-json-new='{\"font-size\":\"desktop:15px;\",\"line-height\":\"desktop:22px;\"}' ><h2 style=\"font-family:&#039;Poppins&#039;;font-weight:700;color:#ffffff;\">opening hours<\/h2><\/div><div class=\"uvc-sub-heading ult-responsive\"  data-ultimate-target='.uvc-heading.ultimate-heading-688469d438f144be1 .uvc-sub-heading '  data-responsive-json-new='{\"font-size\":\"desktop:15px;\",\"line-height\":\"desktop:22px;\"}'  style=\"font-family:&#039;Poppins&#039;;font-weight:normal;font-style:normal;color:#bfbfbf;\"><\/p>\n<p style=\"text-align: center;\"><strong>segunda-feira<\/strong> <span style=\"font-weight: 400;\">11:00\u201315:00, 18:30\u201322:00<br \/>\n<\/span><strong>ter\u00e7a-feira<\/strong> 11:00\u201315:00, 18:30\u201322:00<br \/>\n<strong>quarta-feira <\/strong>11:00\u201315:00, 18:30\u201322:00<br \/>\n<strong>quinta-feira<\/strong> 11:00\u201315:00, 18:30\u201322:00<br \/>\n<strong>sexta-feira <\/strong>11:00\u201315:00, 18:30\u201323:00<br \/>\n<strong>s\u00e1bado <\/strong>11:00\u201316:00, 18:30\u201323:00<br \/>\n<strong>domingo <\/strong>11:00\u201316:00, 18:30\u201322:00<\/p>\n<p><\/div><\/div><\/div><\/div><\/div><div class=\"wpb_column vc_column_container vc_col-sm-4\"><div class=\"vc_column-inner\"><div class=\"wpb_wrapper\"><div id=\"ultimate-heading-872869d438f144de1\" class=\"uvc-heading ult-adjust-bottom-margin ultimate-heading-872869d438f144de1 uvc-612\" data-hspacer=\"no_spacer\"  data-halign=\"center\" style=\"text-align:center\"><div class=\"uvc-heading-spacer no_spacer\" style=\"top\"><\/div><div class=\"uvc-main-heading ult-responsive\"  data-ultimate-target='.uvc-heading.ultimate-heading-872869d438f144de1 h2'  data-responsive-json-new='{\"font-size\":\"desktop:15px;\",\"line-height\":\"desktop:22px;\"}' ><h2 style=\"font-family:&#039;Poppins&#039;;font-weight:700;color:#ffffff;\">Contact us<\/h2><\/div><div class=\"uvc-sub-heading ult-responsive\"  data-ultimate-target='.uvc-heading.ultimate-heading-872869d438f144de1 .uvc-sub-heading '  data-responsive-json-new='{\"font-size\":\"desktop:15px;\",\"line-height\":\"desktop:22px;\"}'  style=\"font-family:&#039;Poppins&#039;;font-weight:normal;font-style:normal;color:#bfbfbf;\"><strong>Phone:<\/strong> <a href=\"tel:1933265934\">(19) 3326-5934<\/a><br \/>\n<strong>Phone:<\/strong> <a href=\"tel:1933265925\">(19) 3326-5925<\/a><br \/>\n<strong>Whatsapp:<\/strong> <a href=\"https:\/\/api.whatsapp.com\/send?phone=5519983053000&amp;text=Ol%C3%A1,%20estou%20entrando%20em%20contato%20atrav%C3%A9s%20do%20site%20primeitalian.com.br\" target=\"_blank\" rel=\"noopener\">(19) 98305-3000<\/a><\/div><\/div><div class=\"vc_btn3-container vc_btn3-center vc_custom_1704908002331\" ><a onmouseleave=\"this.style.borderColor='#4ac105'; this.style.backgroundColor='transparent'; this.style.color='#4ac105'\" onmouseenter=\"this.style.borderColor='#257a01'; this.style.backgroundColor='#257a01'; this.style.color='#e5fbd9';\" style=\"border-color:#4ac105; color:#4ac105;\" class=\"vc_general vc_btn3 vc_btn3-size-sm vc_btn3-shape-rounded vc_btn3-style-outline-custom vc_btn3-icon-left\" href=\"https:\/\/api.whatsapp.com\/send?phone=5519983053000&#038;text=Ol%C3%A1,%20estou%20entrando%20em%20contato%20atrav%C3%A9s%20do%20site%20primeitalian.com.br\" title=\"Talk on WhatsApp\"><i class=\"vc_btn3-icon fab fa-whatsapp\"><\/i> Talk on WhatsApp<\/a><\/div><\/div><\/div><\/div><\/div><div class=\"vc_row wpb_row vc_inner vc_row-fluid\"><div class=\"wpb_column vc_column_container vc_col-sm-12\"><div class=\"vc_column-inner\"><div class=\"wpb_wrapper\"><div id=\"ultimate-heading-945969d438f1453d0\" class=\"uvc-heading ult-adjust-bottom-margin ultimate-heading-945969d438f1453d0 uvc-4898\" data-hspacer=\"no_spacer\"  data-halign=\"center\" style=\"text-align:center\"><div class=\"uvc-heading-spacer no_spacer\" style=\"top\"><\/div><div class=\"uvc-main-heading ult-responsive\"  data-ultimate-target='.uvc-heading.ultimate-heading-945969d438f1453d0 h2'  data-responsive-json-new='{\"font-size\":\"desktop:15px;\",\"line-height\":\"desktop:22px;\"}' ><h2 style=\"font-family:&#039;Poppins&#039;;font-weight:700;color:#ffffff;\">Payment methods<\/h2><\/div><div class=\"uvc-sub-heading ult-responsive\"  data-ultimate-target='.uvc-heading.ultimate-heading-945969d438f1453d0 .uvc-sub-heading '  data-responsive-json-new='{\"font-size\":\"desktop:15px;\",\"line-height\":\"desktop:22px;\"}'  style=\"font-family:&#039;Poppins&#039;;font-weight:normal;font-style:normal;color:#bfbfbf;\"><\/p>\n<p style=\"text-align: center;\">Money; Master; Visa; Link; Ticket Restaurant; VR (Elo, Alelo, Verocard, Sodexo); Diners; American Express.<\/p>\n<p><\/div><\/div><\/div><\/div><\/div><\/div><\/div><\/div><\/div><div class=\"wpb_column vc_column_container vc_col-sm-12\"><div class=\"vc_column-inner vc_custom_1460570841666\"><div class=\"wpb_wrapper\"><div class=\"uavc-icons-center uavc-icons\">\n<a class=\"aio-tooltip 69d438f1456d0\" href=\"https:\/\/www.facebook.com\/PrimeItalian\" title=\"Facebook Prime Italian\"  data-toggle=\"tooltip\" data-placement=\"\"><div class=\"aio-icon circle\" data-animation=\"\" data-animation-delay=\"03\" style=\"color:#131313;background:#f7f7f7;font-size:18px;margin-right:5px;\">\n\t<i class=\"icomoon-free-social-contact-16x16-facebook\"><\/i>\n<\/div><\/a>\n<a class=\"aio-tooltip 69d438f1456f8\" href=\"https:\/\/www.instagram.com\/primeitalian\/\" title=\"Instagram Prime Italian\"  data-toggle=\"tooltip\" data-placement=\"\"><div class=\"aio-icon circle\" data-animation=\"\" data-animation-delay=\"03\" style=\"color:#131313;background:#f7f7f7;font-size:18px;margin-right:5px;\">\n\t<i class=\"Defaults-instagram\"><\/i>\n<\/div><\/a>\n<a class=\"aio-tooltip 69d438f145713\" href=\"https:\/\/api.whatsapp.com\/send?phone=5519983053000&text=Ol%C3%A1,%20estou%20entrando%20em%20contato%20atrav%C3%A9s%20do%20site%20primeitalian.com.br\" title=\"WhatsApp Prime Italian\"  data-toggle=\"tooltip\" data-placement=\"\"><div class=\"aio-icon circle\" data-animation=\"\" data-animation-delay=\"03\" style=\"color:#131313;background:#f7f7f7;font-size:18px;margin-right:5px;\">\n\t<i class=\"Defaults-whatsapp\"><\/i>\n<\/div><\/a><\/div><\/div><\/div><\/div><\/div><div class=\"vc_row-full-width vc_clearfix\"><\/div>\n<\/div>","protected":false},"excerpt":{"rendered":"<p>Se preferir, pe\u00e7a pelo\u00a0 Telefone (19) 3326-5934 e retire no Prime Italian com 10% de desconto! Confira nosso Menu DigitalPe\u00e7a no Ifood Todas as pizzas cont\u00e9m molho de tomate; Em pizzas meio a meio o valor cobrado ser\u00e1 referente a de maior valor; O pre\u00e7o das pizzas individuais (brotinho) corresponde a 60% do valor das&hellip;<\/p>","protected":false},"author":1,"featured_media":0,"parent":0,"menu_order":0,"comment_status":"closed","ping_status":"closed","template":"","meta":{"footnotes":""},"class_list":["post-937","page","type-page","status-publish","hentry","description-off"],"yoast_head":"<!-- This site is optimized with the Yoast SEO plugin v26.8 - https:\/\/yoast.com\/product\/yoast-seo-wordpress\/ -->\n<title>Pizza Delivery - Prime Italian<\/title>\n<meta name=\"description\" content=\"Delivery Pizza Campinas: A insuper\u00e1vel qualidade Prime Italian vai at\u00e9 voc\u00ea! Ligue (19) 3326-5934 e (19) 3326-5925. WhatsApp (19) 99447-4023\" \/>\n<meta name=\"robots\" content=\"index, follow, max-snippet:-1, max-image-preview:large, max-video-preview:-1\" \/>\n<link rel=\"canonical\" href=\"https:\/\/primeitalian.com.br\/en\/delivery\/\" \/>\n<meta property=\"og:locale\" content=\"en_US\" \/>\n<meta property=\"og:type\" content=\"article\" \/>\n<meta property=\"og:title\" content=\"Pizza Delivery - Prime Italian\" \/>\n<meta property=\"og:description\" content=\"Delivery Pizza Campinas: A insuper\u00e1vel qualidade Prime Italian vai at\u00e9 voc\u00ea! Ligue (19) 3326-5934 e (19) 3326-5925. WhatsApp (19) 99447-4023\" \/>\n<meta property=\"og:url\" content=\"https:\/\/primeitalian.com.br\/en\/delivery\/\" \/>\n<meta property=\"og:site_name\" content=\"Prime Italian: Pizzas e Culin\u00e1ria Italiana em Campinas\" \/>\n<meta property=\"article:publisher\" content=\"https:\/\/www.facebook.com\/PrimeItalian\" \/>\n<meta property=\"article:modified_time\" content=\"2025-10-13T14:34:23+00:00\" \/>\n<meta name=\"twitter:card\" content=\"summary_large_image\" \/>\n<meta name=\"twitter:label1\" content=\"Est. reading time\" \/>\n\t<meta name=\"twitter:data1\" content=\"2 minutes\" \/>\n<script type=\"application\/ld+json\" class=\"yoast-schema-graph\">{\"@context\":\"https:\/\/schema.org\",\"@graph\":[{\"@type\":\"WebPage\",\"@id\":\"https:\/\/primeitalian.com.br\/delivery\/\",\"url\":\"https:\/\/primeitalian.com.br\/delivery\/\",\"name\":\"Pizza Delivery - Prime Italian\",\"isPartOf\":{\"@id\":\"https:\/\/primeitalian.com.br\/#website\"},\"datePublished\":\"2018-07-21T19:09:53+00:00\",\"dateModified\":\"2025-10-13T14:34:23+00:00\",\"description\":\"Delivery Pizza Campinas: A insuper\u00e1vel qualidade Prime Italian vai at\u00e9 voc\u00ea! Ligue (19) 3326-5934 e (19) 3326-5925. WhatsApp (19) 99447-4023\",\"breadcrumb\":{\"@id\":\"https:\/\/primeitalian.com.br\/delivery\/#breadcrumb\"},\"inLanguage\":\"en-US\",\"potentialAction\":[{\"@type\":\"ReadAction\",\"target\":[\"https:\/\/primeitalian.com.br\/delivery\/\"]}]},{\"@type\":\"BreadcrumbList\",\"@id\":\"https:\/\/primeitalian.com.br\/delivery\/#breadcrumb\",\"itemListElement\":[{\"@type\":\"ListItem\",\"position\":1,\"name\":\"In\u00edcio\",\"item\":\"https:\/\/primeitalian.com.br\/\"},{\"@type\":\"ListItem\",\"position\":2,\"name\":\"Delivery\"}]},{\"@type\":\"WebSite\",\"@id\":\"https:\/\/primeitalian.com.br\/#website\",\"url\":\"https:\/\/primeitalian.com.br\/\",\"name\":\"Prime Italian\",\"description\":\"\",\"publisher\":{\"@id\":\"https:\/\/primeitalian.com.br\/#organization\"},\"potentialAction\":[{\"@type\":\"SearchAction\",\"target\":{\"@type\":\"EntryPoint\",\"urlTemplate\":\"https:\/\/primeitalian.com.br\/?s={search_term_string}\"},\"query-input\":{\"@type\":\"PropertyValueSpecification\",\"valueRequired\":true,\"valueName\":\"search_term_string\"}}],\"inLanguage\":\"en-US\"},{\"@type\":\"Organization\",\"@id\":\"https:\/\/primeitalian.com.br\/#organization\",\"name\":\"Prime Italian\",\"url\":\"https:\/\/primeitalian.com.br\/\",\"logo\":{\"@type\":\"ImageObject\",\"inLanguage\":\"en-US\",\"@id\":\"https:\/\/primeitalian.com.br\/#\/schema\/logo\/image\/\",\"url\":\"https:\/\/primeitalian.com.br\/wp-content\/uploads\/2018\/07\/152.png\",\"contentUrl\":\"https:\/\/primeitalian.com.br\/wp-content\/uploads\/2018\/07\/152.png\",\"width\":152,\"height\":152,\"caption\":\"Prime Italian\"},\"image\":{\"@id\":\"https:\/\/primeitalian.com.br\/#\/schema\/logo\/image\/\"},\"sameAs\":[\"https:\/\/www.facebook.com\/PrimeItalian\",\"https:\/\/www.instagram.com\/primeitalian\/\"]}]}<\/script>\n<!-- \/ Yoast SEO plugin. -->","yoast_head_json":{"title":"Pizza Delivery - Prime Italian","description":"Delivery Pizza Campinas: A insuper\u00e1vel qualidade Prime Italian vai at\u00e9 voc\u00ea! Ligue (19) 3326-5934 e (19) 3326-5925. WhatsApp (19) 99447-4023","robots":{"index":"index","follow":"follow","max-snippet":"max-snippet:-1","max-image-preview":"max-image-preview:large","max-video-preview":"max-video-preview:-1"},"canonical":"https:\/\/primeitalian.com.br\/en\/delivery\/","og_locale":"en_US","og_type":"article","og_title":"Pizza Delivery - Prime Italian","og_description":"Delivery Pizza Campinas: A insuper\u00e1vel qualidade Prime Italian vai at\u00e9 voc\u00ea! Ligue (19) 3326-5934 e (19) 3326-5925. WhatsApp (19) 99447-4023","og_url":"https:\/\/primeitalian.com.br\/en\/delivery\/","og_site_name":"Prime Italian: Pizzas e Culin\u00e1ria Italiana em Campinas","article_publisher":"https:\/\/www.facebook.com\/PrimeItalian","article_modified_time":"2025-10-13T14:34:23+00:00","twitter_card":"summary_large_image","twitter_misc":{"Est. reading time":"2 minutes"},"schema":{"@context":"https:\/\/schema.org","@graph":[{"@type":"WebPage","@id":"https:\/\/primeitalian.com.br\/delivery\/","url":"https:\/\/primeitalian.com.br\/delivery\/","name":"Pizza Delivery - Prime Italian","isPartOf":{"@id":"https:\/\/primeitalian.com.br\/#website"},"datePublished":"2018-07-21T19:09:53+00:00","dateModified":"2025-10-13T14:34:23+00:00","description":"Delivery Pizza Campinas: A insuper\u00e1vel qualidade Prime Italian vai at\u00e9 voc\u00ea! Ligue (19) 3326-5934 e (19) 3326-5925. WhatsApp (19) 99447-4023","breadcrumb":{"@id":"https:\/\/primeitalian.com.br\/delivery\/#breadcrumb"},"inLanguage":"en-US","potentialAction":[{"@type":"ReadAction","target":["https:\/\/primeitalian.com.br\/delivery\/"]}]},{"@type":"BreadcrumbList","@id":"https:\/\/primeitalian.com.br\/delivery\/#breadcrumb","itemListElement":[{"@type":"ListItem","position":1,"name":"In\u00edcio","item":"https:\/\/primeitalian.com.br\/"},{"@type":"ListItem","position":2,"name":"Delivery"}]},{"@type":"WebSite","@id":"https:\/\/primeitalian.com.br\/#website","url":"https:\/\/primeitalian.com.br\/","name":"Prime Italian","description":"","publisher":{"@id":"https:\/\/primeitalian.com.br\/#organization"},"potentialAction":[{"@type":"SearchAction","target":{"@type":"EntryPoint","urlTemplate":"https:\/\/primeitalian.com.br\/?s={search_term_string}"},"query-input":{"@type":"PropertyValueSpecification","valueRequired":true,"valueName":"search_term_string"}}],"inLanguage":"en-US"},{"@type":"Organization","@id":"https:\/\/primeitalian.com.br\/#organization","name":"Prime Italian","url":"https:\/\/primeitalian.com.br\/","logo":{"@type":"ImageObject","inLanguage":"en-US","@id":"https:\/\/primeitalian.com.br\/#\/schema\/logo\/image\/","url":"https:\/\/primeitalian.com.br\/wp-content\/uploads\/2018\/07\/152.png","contentUrl":"https:\/\/primeitalian.com.br\/wp-content\/uploads\/2018\/07\/152.png","width":152,"height":152,"caption":"Prime Italian"},"image":{"@id":"https:\/\/primeitalian.com.br\/#\/schema\/logo\/image\/"},"sameAs":["https:\/\/www.facebook.com\/PrimeItalian","https:\/\/www.instagram.com\/primeitalian\/"]}]}},"_links":{"self":[{"href":"https:\/\/primeitalian.com.br\/en\/wp-json\/wp\/v2\/pages\/937","targetHints":{"allow":["GET"]}}],"collection":[{"href":"https:\/\/primeitalian.com.br\/en\/wp-json\/wp\/v2\/pages"}],"about":[{"href":"https:\/\/primeitalian.com.br\/en\/wp-json\/wp\/v2\/types\/page"}],"author":[{"embeddable":true,"href":"https:\/\/primeitalian.com.br\/en\/wp-json\/wp\/v2\/users\/1"}],"replies":[{"embeddable":true,"href":"https:\/\/primeitalian.com.br\/en\/wp-json\/wp\/v2\/comments?post=937"}],"version-history":[{"count":73,"href":"https:\/\/primeitalian.com.br\/en\/wp-json\/wp\/v2\/pages\/937\/revisions"}],"predecessor-version":[{"id":5622,"href":"https:\/\/primeitalian.com.br\/en\/wp-json\/wp\/v2\/pages\/937\/revisions\/5622"}],"wp:attachment":[{"href":"https:\/\/primeitalian.com.br\/en\/wp-json\/wp\/v2\/media?parent=937"}],"curies":[{"name":"wp","href":"https:\/\/api.w.org\/{rel}","templated":true}]}}