{"id":1664,"date":"2018-08-23T15:02:48","date_gmt":"2018-08-23T18:02:48","guid":{"rendered":"https:\/\/primeitalian.com.br\/?page_id=1664"},"modified":"2021-01-28T16:06:23","modified_gmt":"2021-01-28T19:06:23","slug":"cupom","status":"publish","type":"page","link":"https:\/\/primeitalian.com.br\/en\/cupom\/","title":{"rendered":"Cupons Prime Italian"},"content":{"rendered":"<div class=\"wpb-content-wrapper\"><div class=\"vc_row wpb_row vc_row-fluid dt-default\" style=\"margin-top: 0px;margin-bottom: 0px\"><div class=\"wpb_column vc_column_container vc_col-sm-12\"><div class=\"vc_column-inner\"><div class=\"wpb_wrapper\">\n\t<div class=\"wpb_text_column wpb_content_element\" >\n\t\t<div class=\"wpb_wrapper\">\n\t\t\t<h4 style=\"text-align: center;\">Aguardamos voc\u00ea no Prime Italian!<\/h4>\n\n\t\t<\/div>\n\t<\/div>\n<div class=\"ult-spacer spacer-69d5ebe17248e\" data-id=\"69d5ebe17248e\" data-height=\"35\" data-height-mobile=\"35\" data-height-tab=\"35\" data-height-tab-portrait=\"35\" data-height-mobile-landscape=\"35\" style=\"clear:both;display:block;\"><\/div><\/div><\/div><\/div><\/div><div class=\"vc_row wpb_row vc_row-fluid dt-default\" style=\"margin-top: 0px;margin-bottom: 0px\"><div class=\"wpb_column vc_column_container vc_col-sm-4\"><div class=\"vc_column-inner\"><div class=\"wpb_wrapper\">[product id=&#8221;1655&#8243;]<div class=\"ult-spacer spacer-69d5ebe172b6c\" data-id=\"69d5ebe172b6c\" data-height=\"35\" data-height-mobile=\"35\" data-height-tab=\"35\" data-height-tab-portrait=\"35\" data-height-mobile-landscape=\"35\" style=\"clear:both;display:block;\"><\/div><\/div><\/div><\/div><div class=\"wpb_column vc_column_container vc_col-sm-4\"><div class=\"vc_column-inner\"><div class=\"wpb_wrapper\">[product id=&#8221;2314&#8243;]<div class=\"ult-spacer spacer-69d5ebe172cf0\" data-id=\"69d5ebe172cf0\" data-height=\"35\" data-height-mobile=\"35\" data-height-tab=\"35\" data-height-tab-portrait=\"35\" data-height-mobile-landscape=\"35\" style=\"clear:both;display:block;\"><\/div><\/div><\/div><\/div><div class=\"wpb_column vc_column_container vc_col-sm-4\"><div class=\"vc_column-inner\"><div class=\"wpb_wrapper\">[product id=&#8221;2459&#8243;]<div class=\"ult-spacer spacer-69d5ebe172e46\" data-id=\"69d5ebe172e46\" data-height=\"35\" data-height-mobile=\"35\" data-height-tab=\"35\" data-height-tab-portrait=\"35\" data-height-mobile-landscape=\"35\" style=\"clear:both;display:block;\"><\/div><\/div><\/div><\/div><\/div><div class=\"vc_row wpb_row vc_row-fluid dt-default\" style=\"margin-top: 0px;margin-bottom: 0px\"><div class=\"wpb_column vc_column_container vc_col-sm-12\"><div class=\"vc_column-inner\"><div class=\"wpb_wrapper\"><div class=\"vc_empty_space\"   style=\"height: 32px\"><span class=\"vc_empty_space_inner\"><\/span><\/div>\n\t<div class=\"wpb_text_column wpb_content_element  vc_custom_1535327832168\" >\n\t\t<div class=\"wpb_wrapper\">\n\t\t\t<h5>Regulamento<\/h5>\n\n\t\t<\/div>\n\t<\/div>\n<div class=\"vc_separator wpb_content_element vc_separator_align_center vc_sep_width_100 vc_sep_pos_align_center vc_separator_no_text vc_sep_color_grey vc_custom_1535328148353 wpb_content_element  vc_custom_1535328148353 wpb_content_element\" ><span class=\"vc_sep_holder vc_sep_holder_l\"><span class=\"vc_sep_line\"><\/span><\/span><span class=\"vc_sep_holder vc_sep_holder_r\"><span class=\"vc_sep_line\"><\/span><\/span>\n<\/div>\n\t<div class=\"wpb_text_column wpb_content_element  vc_custom_1551730345041\" >\n\t\t<div class=\"wpb_wrapper\">\n\t\t\t<ul>\n<li>Ofertas v\u00e1lidas para consumo no Prime Italian de domingo \u00e0 quinta-feira (exceto feriados) das 18h30 \u00e0s 23h00;<\/li>\n<li>Sem limite de cupons por mesa;<\/li>\n<li>Recomendamos a compra do cupom com m\u00ednimo de 24 horas de anteced\u00eancia para pagamento com cart\u00e3o de cr\u00e9dito ou 36 horas para pagamento via boleto (o cupom \u00e9 disponibilizado automaticamente por e-mail ap\u00f3s a confirma\u00e7\u00e3o do pagamento);<\/li>\n<li>Bebidas e outros itens do card\u00e1pio ser\u00e3o cobrados \u00e0 parte;<\/li>\n<li>Taxa de servi\u00e7o (10%) \u00e9 opcional e poder\u00e1 ser cobrada sobre o valor promocional do cupom, seguindo a lei vigente;<\/li>\n<li>Caso opte pelo pagamento do cupom por boleto, haver\u00e1 acr\u00e9scimo de R$ 1,00;<\/li>\n<li>Consulte a data limite de uso do cupom na oferta;<\/li>\n<li>Obrigat\u00f3ria a apresenta\u00e7\u00e3o do Voucher com o c\u00f3digo leg\u00edvel para valida\u00e7\u00e3o da oferta;<\/li>\n<li>Quantidade de cupons limitada e sujeito a t\u00e9rmino sem aviso pr\u00e9vio;<\/li>\n<li>Aproveite, esperamos voc\u00ea no Prime Italian!<\/li>\n<li>Para informa\u00e7\u00f5es adicionais, entre em contato conosco.<\/li>\n<\/ul>\n\n\t\t<\/div>\n\t<\/div>\n<\/div><\/div><\/div><\/div>\n<\/div>","protected":false},"excerpt":{"rendered":"<p>Aguardamos voc\u00ea no Prime Italian! Regulamento Ofertas v\u00e1lidas para consumo no Prime Italian de domingo \u00e0 quinta-feira (exceto feriados) das 18h30 \u00e0s 23h00; Sem limite de cupons por mesa; Recomendamos a compra do cupom com m\u00ednimo de 24 horas de anteced\u00eancia para pagamento com cart\u00e3o de cr\u00e9dito ou 36 horas para pagamento via boleto (o&hellip;<\/p>","protected":false},"author":1,"featured_media":0,"parent":0,"menu_order":0,"comment_status":"closed","ping_status":"closed","template":"","meta":{"footnotes":""},"class_list":["post-1664","page","type-page","status-publish","hentry","description-off"],"yoast_head":"<!-- This site is optimized with the Yoast SEO plugin v26.8 - https:\/\/yoast.com\/product\/yoast-seo-wordpress\/ -->\n<title>Cupons Prime Italian - Prime Italian: Pizzas e Culin\u00e1ria Italiana em Campinas<\/title>\n<meta name=\"robots\" content=\"index, follow, max-snippet:-1, max-image-preview:large, max-video-preview:-1\" \/>\n<link rel=\"canonical\" href=\"https:\/\/primeitalian.com.br\/en\/cupom\/\" \/>\n<meta property=\"og:locale\" content=\"en_US\" \/>\n<meta property=\"og:type\" content=\"article\" \/>\n<meta property=\"og:title\" content=\"Cupons Prime Italian - Prime Italian: Pizzas e Culin\u00e1ria Italiana em Campinas\" \/>\n<meta property=\"og:url\" content=\"https:\/\/primeitalian.com.br\/en\/cupom\/\" \/>\n<meta property=\"og:site_name\" content=\"Prime Italian: Pizzas e Culin\u00e1ria Italiana em Campinas\" \/>\n<meta property=\"article:publisher\" content=\"https:\/\/www.facebook.com\/PrimeItalian\" \/>\n<meta property=\"article:modified_time\" content=\"2021-01-28T19:06:23+00:00\" \/>\n<meta name=\"twitter:card\" content=\"summary_large_image\" \/>\n<meta name=\"twitter:label1\" content=\"Est. reading time\" \/>\n\t<meta name=\"twitter:data1\" content=\"1 minute\" \/>\n<script type=\"application\/ld+json\" class=\"yoast-schema-graph\">{\"@context\":\"https:\/\/schema.org\",\"@graph\":[{\"@type\":\"WebPage\",\"@id\":\"https:\/\/primeitalian.com.br\/cupom\/\",\"url\":\"https:\/\/primeitalian.com.br\/cupom\/\",\"name\":\"Cupons Prime Italian - Prime Italian: Pizzas e Culin\u00e1ria Italiana em Campinas\",\"isPartOf\":{\"@id\":\"https:\/\/primeitalian.com.br\/#website\"},\"datePublished\":\"2018-08-23T18:02:48+00:00\",\"dateModified\":\"2021-01-28T19:06:23+00:00\",\"breadcrumb\":{\"@id\":\"https:\/\/primeitalian.com.br\/cupom\/#breadcrumb\"},\"inLanguage\":\"en-US\",\"potentialAction\":[{\"@type\":\"ReadAction\",\"target\":[\"https:\/\/primeitalian.com.br\/cupom\/\"]}]},{\"@type\":\"BreadcrumbList\",\"@id\":\"https:\/\/primeitalian.com.br\/cupom\/#breadcrumb\",\"itemListElement\":[{\"@type\":\"ListItem\",\"position\":1,\"name\":\"In\u00edcio\",\"item\":\"https:\/\/primeitalian.com.br\/\"},{\"@type\":\"ListItem\",\"position\":2,\"name\":\"Cupons Prime Italian\"}]},{\"@type\":\"WebSite\",\"@id\":\"https:\/\/primeitalian.com.br\/#website\",\"url\":\"https:\/\/primeitalian.com.br\/\",\"name\":\"Prime Italian\",\"description\":\"\",\"publisher\":{\"@id\":\"https:\/\/primeitalian.com.br\/#organization\"},\"potentialAction\":[{\"@type\":\"SearchAction\",\"target\":{\"@type\":\"EntryPoint\",\"urlTemplate\":\"https:\/\/primeitalian.com.br\/?s={search_term_string}\"},\"query-input\":{\"@type\":\"PropertyValueSpecification\",\"valueRequired\":true,\"valueName\":\"search_term_string\"}}],\"inLanguage\":\"en-US\"},{\"@type\":\"Organization\",\"@id\":\"https:\/\/primeitalian.com.br\/#organization\",\"name\":\"Prime Italian\",\"url\":\"https:\/\/primeitalian.com.br\/\",\"logo\":{\"@type\":\"ImageObject\",\"inLanguage\":\"en-US\",\"@id\":\"https:\/\/primeitalian.com.br\/#\/schema\/logo\/image\/\",\"url\":\"https:\/\/primeitalian.com.br\/wp-content\/uploads\/2018\/07\/152.png\",\"contentUrl\":\"https:\/\/primeitalian.com.br\/wp-content\/uploads\/2018\/07\/152.png\",\"width\":152,\"height\":152,\"caption\":\"Prime Italian\"},\"image\":{\"@id\":\"https:\/\/primeitalian.com.br\/#\/schema\/logo\/image\/\"},\"sameAs\":[\"https:\/\/www.facebook.com\/PrimeItalian\",\"https:\/\/www.instagram.com\/primeitalian\/\"]}]}<\/script>\n<!-- \/ Yoast SEO plugin. -->","yoast_head_json":{"title":"Cupons Prime Italian - Prime Italian: Pizzas e Culin\u00e1ria Italiana em Campinas","robots":{"index":"index","follow":"follow","max-snippet":"max-snippet:-1","max-image-preview":"max-image-preview:large","max-video-preview":"max-video-preview:-1"},"canonical":"https:\/\/primeitalian.com.br\/en\/cupom\/","og_locale":"en_US","og_type":"article","og_title":"Cupons Prime Italian - Prime Italian: Pizzas e Culin\u00e1ria Italiana em Campinas","og_url":"https:\/\/primeitalian.com.br\/en\/cupom\/","og_site_name":"Prime Italian: Pizzas e Culin\u00e1ria Italiana em Campinas","article_publisher":"https:\/\/www.facebook.com\/PrimeItalian","article_modified_time":"2021-01-28T19:06:23+00:00","twitter_card":"summary_large_image","twitter_misc":{"Est. reading time":"1 minute"},"schema":{"@context":"https:\/\/schema.org","@graph":[{"@type":"WebPage","@id":"https:\/\/primeitalian.com.br\/cupom\/","url":"https:\/\/primeitalian.com.br\/cupom\/","name":"Cupons Prime Italian - Prime Italian: Pizzas e Culin\u00e1ria Italiana em Campinas","isPartOf":{"@id":"https:\/\/primeitalian.com.br\/#website"},"datePublished":"2018-08-23T18:02:48+00:00","dateModified":"2021-01-28T19:06:23+00:00","breadcrumb":{"@id":"https:\/\/primeitalian.com.br\/cupom\/#breadcrumb"},"inLanguage":"en-US","potentialAction":[{"@type":"ReadAction","target":["https:\/\/primeitalian.com.br\/cupom\/"]}]},{"@type":"BreadcrumbList","@id":"https:\/\/primeitalian.com.br\/cupom\/#breadcrumb","itemListElement":[{"@type":"ListItem","position":1,"name":"In\u00edcio","item":"https:\/\/primeitalian.com.br\/"},{"@type":"ListItem","position":2,"name":"Cupons Prime Italian"}]},{"@type":"WebSite","@id":"https:\/\/primeitalian.com.br\/#website","url":"https:\/\/primeitalian.com.br\/","name":"Prime Italian","description":"","publisher":{"@id":"https:\/\/primeitalian.com.br\/#organization"},"potentialAction":[{"@type":"SearchAction","target":{"@type":"EntryPoint","urlTemplate":"https:\/\/primeitalian.com.br\/?s={search_term_string}"},"query-input":{"@type":"PropertyValueSpecification","valueRequired":true,"valueName":"search_term_string"}}],"inLanguage":"en-US"},{"@type":"Organization","@id":"https:\/\/primeitalian.com.br\/#organization","name":"Prime Italian","url":"https:\/\/primeitalian.com.br\/","logo":{"@type":"ImageObject","inLanguage":"en-US","@id":"https:\/\/primeitalian.com.br\/#\/schema\/logo\/image\/","url":"https:\/\/primeitalian.com.br\/wp-content\/uploads\/2018\/07\/152.png","contentUrl":"https:\/\/primeitalian.com.br\/wp-content\/uploads\/2018\/07\/152.png","width":152,"height":152,"caption":"Prime Italian"},"image":{"@id":"https:\/\/primeitalian.com.br\/#\/schema\/logo\/image\/"},"sameAs":["https:\/\/www.facebook.com\/PrimeItalian","https:\/\/www.instagram.com\/primeitalian\/"]}]}},"_links":{"self":[{"href":"https:\/\/primeitalian.com.br\/en\/wp-json\/wp\/v2\/pages\/1664","targetHints":{"allow":["GET"]}}],"collection":[{"href":"https:\/\/primeitalian.com.br\/en\/wp-json\/wp\/v2\/pages"}],"about":[{"href":"https:\/\/primeitalian.com.br\/en\/wp-json\/wp\/v2\/types\/page"}],"author":[{"embeddable":true,"href":"https:\/\/primeitalian.com.br\/en\/wp-json\/wp\/v2\/users\/1"}],"replies":[{"embeddable":true,"href":"https:\/\/primeitalian.com.br\/en\/wp-json\/wp\/v2\/comments?post=1664"}],"version-history":[{"count":48,"href":"https:\/\/primeitalian.com.br\/en\/wp-json\/wp\/v2\/pages\/1664\/revisions"}],"predecessor-version":[{"id":4839,"href":"https:\/\/primeitalian.com.br\/en\/wp-json\/wp\/v2\/pages\/1664\/revisions\/4839"}],"wp:attachment":[{"href":"https:\/\/primeitalian.com.br\/en\/wp-json\/wp\/v2\/media?parent=1664"}],"curies":[{"name":"wp","href":"https:\/\/api.w.org\/{rel}","templated":true}]}}